{"id":6397,"date":"2015-12-28T20:04:19","date_gmt":"2015-12-28T20:04:19","guid":{"rendered":"http:\/\/export-xml.qreativethemes.com\/physio\/?page_id=6397"},"modified":"2020-08-31T12:22:43","modified_gmt":"2020-08-31T10:22:43","slug":"nutricion","status":"publish","type":"page","link":"http:\/\/www.fisiofitbadajoz.com\/index.php\/servicios\/nutricion\/","title":{"rendered":"Nutrici\u00f3n y diet\u00e9tica"},"content":{"rendered":"<div id=\"pl-6397\"  class=\"panel-layout\" ><div id=\"pg-6397-0\"  class=\"panel-grid panel-no-style\" ><div id=\"pgc-6397-0-0\"  class=\"panel-grid-cell\" ><div id=\"panel-6397-0-0-0\" class=\"so-panel widget widget_sow-editor panel-first-child panel-last-child\" data-index=\"0\" ><div\n\t\t\t\n\t\t\tclass=\"so-widget-sow-editor so-widget-sow-editor-base\"\n\t\t\t\n\t\t>\n<div class=\"siteorigin-widget-tinymce textwidget\">\n\t<p>Servicio de nutrici\u00f3n para todo tipo de servicios, patolog\u00edas o dietas.<\/p>\n<p>Contacto. Uca Rojas. 659520106.<\/p>\n<\/div>\n<\/div><\/div><\/div><div id=\"pgc-6397-0-1\"  class=\"panel-grid-cell\" ><div id=\"panel-6397-0-1-0\" class=\"so-panel widget widget_sow-editor panel-first-child panel-last-child\" data-index=\"1\" ><div\n\t\t\t\n\t\t\tclass=\"so-widget-sow-editor so-widget-sow-editor-base\"\n\t\t\t\n\t\t>\n<div class=\"siteorigin-widget-tinymce textwidget\">\n\t<\/div>\n<\/div><\/div><\/div><\/div><div id=\"pg-6397-1\"  class=\"panel-grid panel-no-style\" ><div id=\"pgc-6397-1-0\"  class=\"panel-grid-cell\" ><div id=\"panel-6397-1-0-0\" class=\"so-panel widget widget_sow-editor panel-first-child panel-last-child\" data-index=\"2\" ><div\n\t\t\t\n\t\t\tclass=\"so-widget-sow-editor so-widget-sow-editor-base\"\n\t\t\t\n\t\t>\n<div class=\"siteorigin-widget-tinymce textwidget\">\n\t<\/div>\n<\/div><\/div><\/div><div id=\"pgc-6397-1-1\"  class=\"panel-grid-cell\" ><div id=\"panel-6397-1-1-0\" class=\"so-panel widget widget_sow-editor panel-first-child panel-last-child\" data-index=\"3\" ><div\n\t\t\t\n\t\t\tclass=\"so-widget-sow-editor so-widget-sow-editor-base\"\n\t\t\t\n\t\t>\n<div class=\"siteorigin-widget-tinymce textwidget\">\n\t<\/div>\n<\/div><\/div><\/div><\/div><\/div>","protected":false},"excerpt":{"rendered":"<p>Pilates is an exercise regime designed to stimulate the deep spinal muscles, or core muscles to function more efficiently. The Pilates exercises were initially developed to assist people with rehabilitation from injury<\/p>\n","protected":false},"author":1,"featured_media":7481,"parent":110,"menu_order":0,"comment_status":"closed","ping_status":"closed","template":"","meta":{"_monsterinsights_skip_tracking":false,"_monsterinsights_sitenote_active":false,"_monsterinsights_sitenote_note":"","_monsterinsights_sitenote_category":0,"footnotes":""},"class_list":["post-6397","page","type-page","status-publish","has-post-thumbnail","hentry"],"yoast_head":"<!-- This site is optimized with the Yoast SEO plugin v24.9 - https:\/\/yoast.com\/wordpress\/plugins\/seo\/ -->\n<title>Nutrici\u00f3n y diet\u00e9tica - Fisiofitbadajoz<\/title>\n<meta name=\"robots\" content=\"index, follow, max-snippet:-1, max-image-preview:large, max-video-preview:-1\" \/>\n<link rel=\"canonical\" href=\"http:\/\/www.fisiofitbadajoz.com\/index.php\/servicios\/nutricion\/\" \/>\n<meta property=\"og:locale\" content=\"es_ES\" \/>\n<meta property=\"og:type\" content=\"article\" \/>\n<meta property=\"og:title\" content=\"Nutrici\u00f3n y diet\u00e9tica - Fisiofitbadajoz\" \/>\n<meta property=\"og:description\" content=\"Pilates is an exercise regime designed to stimulate the deep spinal muscles, or core muscles to function more efficiently. The Pilates exercises were initially developed to assist people with rehabilitation from injury\" \/>\n<meta property=\"og:url\" content=\"http:\/\/www.fisiofitbadajoz.com\/index.php\/servicios\/nutricion\/\" \/>\n<meta property=\"og:site_name\" content=\"Fisiofitbadajoz\" \/>\n<meta property=\"article:publisher\" content=\"https:\/\/www.facebook.com\/fisiofitcenter\" \/>\n<meta property=\"article:modified_time\" content=\"2020-08-31T10:22:43+00:00\" \/>\n<meta property=\"og:image\" content=\"http:\/\/www.fisiofitbadajoz.com\/wp-content\/uploads\/2015\/11\/850x567.png\" \/>\n\t<meta property=\"og:image:width\" content=\"850\" \/>\n\t<meta property=\"og:image:height\" content=\"567\" \/>\n\t<meta property=\"og:image:type\" content=\"image\/png\" \/>\n<meta name=\"twitter:card\" content=\"summary_large_image\" \/>\n<script type=\"application\/ld+json\" class=\"yoast-schema-graph\">{\"@context\":\"https:\/\/schema.org\",\"@graph\":[{\"@type\":\"WebPage\",\"@id\":\"http:\/\/www.fisiofitbadajoz.com\/index.php\/servicios\/nutricion\/\",\"url\":\"http:\/\/www.fisiofitbadajoz.com\/index.php\/servicios\/nutricion\/\",\"name\":\"Nutrici\u00f3n y diet\u00e9tica - Fisiofitbadajoz\",\"isPartOf\":{\"@id\":\"http:\/\/www.fisiofitbadajoz.com\/#website\"},\"primaryImageOfPage\":{\"@id\":\"http:\/\/www.fisiofitbadajoz.com\/index.php\/servicios\/nutricion\/#primaryimage\"},\"image\":{\"@id\":\"http:\/\/www.fisiofitbadajoz.com\/index.php\/servicios\/nutricion\/#primaryimage\"},\"thumbnailUrl\":\"http:\/\/www.fisiofitbadajoz.com\/wp-content\/uploads\/2015\/11\/850x567.png\",\"datePublished\":\"2015-12-28T20:04:19+00:00\",\"dateModified\":\"2020-08-31T10:22:43+00:00\",\"breadcrumb\":{\"@id\":\"http:\/\/www.fisiofitbadajoz.com\/index.php\/servicios\/nutricion\/#breadcrumb\"},\"inLanguage\":\"es\",\"potentialAction\":[{\"@type\":\"ReadAction\",\"target\":[\"http:\/\/www.fisiofitbadajoz.com\/index.php\/servicios\/nutricion\/\"]}]},{\"@type\":\"ImageObject\",\"inLanguage\":\"es\",\"@id\":\"http:\/\/www.fisiofitbadajoz.com\/index.php\/servicios\/nutricion\/#primaryimage\",\"url\":\"http:\/\/www.fisiofitbadajoz.com\/wp-content\/uploads\/2015\/11\/850x567.png\",\"contentUrl\":\"http:\/\/www.fisiofitbadajoz.com\/wp-content\/uploads\/2015\/11\/850x567.png\",\"width\":850,\"height\":567},{\"@type\":\"BreadcrumbList\",\"@id\":\"http:\/\/www.fisiofitbadajoz.com\/index.php\/servicios\/nutricion\/#breadcrumb\",\"itemListElement\":[{\"@type\":\"ListItem\",\"position\":1,\"name\":\"Portada\",\"item\":\"http:\/\/www.fisiofitbadajoz.com\/\"},{\"@type\":\"ListItem\",\"position\":2,\"name\":\"Servicios\",\"item\":\"http:\/\/www.fisiofitbadajoz.com\/index.php\/servicios\/\"},{\"@type\":\"ListItem\",\"position\":3,\"name\":\"Nutrici\u00f3n y diet\u00e9tica\"}]},{\"@type\":\"WebSite\",\"@id\":\"http:\/\/www.fisiofitbadajoz.com\/#website\",\"url\":\"http:\/\/www.fisiofitbadajoz.com\/\",\"name\":\"www.fisiofitbadajoz.com\",\"description\":\"Policl\u00ednica en Badajoz. Fisioterapia, podolog\u00eda, nutrici\u00f3n, entrenamiento deportivo, est\u00e9tica.\",\"publisher\":{\"@id\":\"http:\/\/www.fisiofitbadajoz.com\/#organization\"},\"potentialAction\":[{\"@type\":\"SearchAction\",\"target\":{\"@type\":\"EntryPoint\",\"urlTemplate\":\"http:\/\/www.fisiofitbadajoz.com\/?s={search_term_string}\"},\"query-input\":{\"@type\":\"PropertyValueSpecification\",\"valueRequired\":true,\"valueName\":\"search_term_string\"}}],\"inLanguage\":\"es\"},{\"@type\":\"Organization\",\"@id\":\"http:\/\/www.fisiofitbadajoz.com\/#organization\",\"name\":\"Fisiofit Center\",\"url\":\"http:\/\/www.fisiofitbadajoz.com\/\",\"logo\":{\"@type\":\"ImageObject\",\"inLanguage\":\"es\",\"@id\":\"http:\/\/www.fisiofitbadajoz.com\/#\/schema\/logo\/image\/\",\"url\":\"http:\/\/www.fisiofitbadajoz.com\/wp-content\/uploads\/2020\/08\/image0-scaled.jpeg\",\"contentUrl\":\"http:\/\/www.fisiofitbadajoz.com\/wp-content\/uploads\/2020\/08\/image0-scaled.jpeg\",\"width\":1889,\"height\":2560,\"caption\":\"Fisiofit Center\"},\"image\":{\"@id\":\"http:\/\/www.fisiofitbadajoz.com\/#\/schema\/logo\/image\/\"},\"sameAs\":[\"https:\/\/www.facebook.com\/fisiofitcenter\",\"https:\/\/www.instagram.com\/fisiofitcenter\"]}]}<\/script>\n<!-- \/ Yoast SEO plugin. -->","yoast_head_json":{"title":"Nutrici\u00f3n y diet\u00e9tica - Fisiofitbadajoz","robots":{"index":"index","follow":"follow","max-snippet":"max-snippet:-1","max-image-preview":"max-image-preview:large","max-video-preview":"max-video-preview:-1"},"canonical":"http:\/\/www.fisiofitbadajoz.com\/index.php\/servicios\/nutricion\/","og_locale":"es_ES","og_type":"article","og_title":"Nutrici\u00f3n y diet\u00e9tica - Fisiofitbadajoz","og_description":"Pilates is an exercise regime designed to stimulate the deep spinal muscles, or core muscles to function more efficiently. The Pilates exercises were initially developed to assist people with rehabilitation from injury","og_url":"http:\/\/www.fisiofitbadajoz.com\/index.php\/servicios\/nutricion\/","og_site_name":"Fisiofitbadajoz","article_publisher":"https:\/\/www.facebook.com\/fisiofitcenter","article_modified_time":"2020-08-31T10:22:43+00:00","og_image":[{"width":850,"height":567,"url":"http:\/\/www.fisiofitbadajoz.com\/wp-content\/uploads\/2015\/11\/850x567.png","type":"image\/png"}],"twitter_card":"summary_large_image","schema":{"@context":"https:\/\/schema.org","@graph":[{"@type":"WebPage","@id":"http:\/\/www.fisiofitbadajoz.com\/index.php\/servicios\/nutricion\/","url":"http:\/\/www.fisiofitbadajoz.com\/index.php\/servicios\/nutricion\/","name":"Nutrici\u00f3n y diet\u00e9tica - Fisiofitbadajoz","isPartOf":{"@id":"http:\/\/www.fisiofitbadajoz.com\/#website"},"primaryImageOfPage":{"@id":"http:\/\/www.fisiofitbadajoz.com\/index.php\/servicios\/nutricion\/#primaryimage"},"image":{"@id":"http:\/\/www.fisiofitbadajoz.com\/index.php\/servicios\/nutricion\/#primaryimage"},"thumbnailUrl":"http:\/\/www.fisiofitbadajoz.com\/wp-content\/uploads\/2015\/11\/850x567.png","datePublished":"2015-12-28T20:04:19+00:00","dateModified":"2020-08-31T10:22:43+00:00","breadcrumb":{"@id":"http:\/\/www.fisiofitbadajoz.com\/index.php\/servicios\/nutricion\/#breadcrumb"},"inLanguage":"es","potentialAction":[{"@type":"ReadAction","target":["http:\/\/www.fisiofitbadajoz.com\/index.php\/servicios\/nutricion\/"]}]},{"@type":"ImageObject","inLanguage":"es","@id":"http:\/\/www.fisiofitbadajoz.com\/index.php\/servicios\/nutricion\/#primaryimage","url":"http:\/\/www.fisiofitbadajoz.com\/wp-content\/uploads\/2015\/11\/850x567.png","contentUrl":"http:\/\/www.fisiofitbadajoz.com\/wp-content\/uploads\/2015\/11\/850x567.png","width":850,"height":567},{"@type":"BreadcrumbList","@id":"http:\/\/www.fisiofitbadajoz.com\/index.php\/servicios\/nutricion\/#breadcrumb","itemListElement":[{"@type":"ListItem","position":1,"name":"Portada","item":"http:\/\/www.fisiofitbadajoz.com\/"},{"@type":"ListItem","position":2,"name":"Servicios","item":"http:\/\/www.fisiofitbadajoz.com\/index.php\/servicios\/"},{"@type":"ListItem","position":3,"name":"Nutrici\u00f3n y diet\u00e9tica"}]},{"@type":"WebSite","@id":"http:\/\/www.fisiofitbadajoz.com\/#website","url":"http:\/\/www.fisiofitbadajoz.com\/","name":"www.fisiofitbadajoz.com","description":"Policl\u00ednica en Badajoz. Fisioterapia, podolog\u00eda, nutrici\u00f3n, entrenamiento deportivo, est\u00e9tica.","publisher":{"@id":"http:\/\/www.fisiofitbadajoz.com\/#organization"},"potentialAction":[{"@type":"SearchAction","target":{"@type":"EntryPoint","urlTemplate":"http:\/\/www.fisiofitbadajoz.com\/?s={search_term_string}"},"query-input":{"@type":"PropertyValueSpecification","valueRequired":true,"valueName":"search_term_string"}}],"inLanguage":"es"},{"@type":"Organization","@id":"http:\/\/www.fisiofitbadajoz.com\/#organization","name":"Fisiofit Center","url":"http:\/\/www.fisiofitbadajoz.com\/","logo":{"@type":"ImageObject","inLanguage":"es","@id":"http:\/\/www.fisiofitbadajoz.com\/#\/schema\/logo\/image\/","url":"http:\/\/www.fisiofitbadajoz.com\/wp-content\/uploads\/2020\/08\/image0-scaled.jpeg","contentUrl":"http:\/\/www.fisiofitbadajoz.com\/wp-content\/uploads\/2020\/08\/image0-scaled.jpeg","width":1889,"height":2560,"caption":"Fisiofit Center"},"image":{"@id":"http:\/\/www.fisiofitbadajoz.com\/#\/schema\/logo\/image\/"},"sameAs":["https:\/\/www.facebook.com\/fisiofitcenter","https:\/\/www.instagram.com\/fisiofitcenter"]}]}},"_links":{"self":[{"href":"http:\/\/www.fisiofitbadajoz.com\/index.php\/wp-json\/wp\/v2\/pages\/6397","targetHints":{"allow":["GET"]}}],"collection":[{"href":"http:\/\/www.fisiofitbadajoz.com\/index.php\/wp-json\/wp\/v2\/pages"}],"about":[{"href":"http:\/\/www.fisiofitbadajoz.com\/index.php\/wp-json\/wp\/v2\/types\/page"}],"author":[{"embeddable":true,"href":"http:\/\/www.fisiofitbadajoz.com\/index.php\/wp-json\/wp\/v2\/users\/1"}],"replies":[{"embeddable":true,"href":"http:\/\/www.fisiofitbadajoz.com\/index.php\/wp-json\/wp\/v2\/comments?post=6397"}],"version-history":[{"count":4,"href":"http:\/\/www.fisiofitbadajoz.com\/index.php\/wp-json\/wp\/v2\/pages\/6397\/revisions"}],"predecessor-version":[{"id":7780,"href":"http:\/\/www.fisiofitbadajoz.com\/index.php\/wp-json\/wp\/v2\/pages\/6397\/revisions\/7780"}],"up":[{"embeddable":true,"href":"http:\/\/www.fisiofitbadajoz.com\/index.php\/wp-json\/wp\/v2\/pages\/110"}],"wp:featuredmedia":[{"embeddable":true,"href":"http:\/\/www.fisiofitbadajoz.com\/index.php\/wp-json\/wp\/v2\/media\/7481"}],"wp:attachment":[{"href":"http:\/\/www.fisiofitbadajoz.com\/index.php\/wp-json\/wp\/v2\/media?parent=6397"}],"curies":[{"name":"wp","href":"https:\/\/api.w.org\/{rel}","templated":true}]}}