{"id":6395,"date":"2015-12-28T20:04:07","date_gmt":"2015-12-28T20:04:07","guid":{"rendered":"http:\/\/export-xml.qreativethemes.com\/physio\/?page_id=6395"},"modified":"2020-08-31T12:19:42","modified_gmt":"2020-08-31T10:19:42","slug":"entrenamiento","status":"publish","type":"page","link":"http:\/\/www.fisiofitbadajoz.com\/index.php\/servicios\/entrenamiento\/","title":{"rendered":"Entrenamiento y readaptaci\u00f3n"},"content":{"rendered":"<div id=\"pl-6395\"  class=\"panel-layout\" ><div id=\"pg-6395-0\"  class=\"panel-grid panel-no-style\" ><div id=\"pgc-6395-0-0\"  class=\"panel-grid-cell\" ><div id=\"panel-6395-0-0-0\" class=\"so-panel widget widget_sow-editor panel-first-child panel-last-child\" data-index=\"0\" ><div\n\t\t\t\n\t\t\tclass=\"so-widget-sow-editor so-widget-sow-editor-base\"\n\t\t\t\n\t\t>\n<div class=\"siteorigin-widget-tinymce textwidget\">\n\t<p><img loading=\"lazy\" decoding=\"async\" class=\"alignnone wp-image-7661 size-medium\" src=\"http:\/\/www.fisiofitbadajoz.com\/wp-content\/uploads\/2019\/09\/IMG_6745-300x166.jpg\" alt=\"\" width=\"300\" height=\"166\" srcset=\"http:\/\/www.fisiofitbadajoz.com\/wp-content\/uploads\/2019\/09\/IMG_6745-300x166.jpg 300w, http:\/\/www.fisiofitbadajoz.com\/wp-content\/uploads\/2019\/09\/IMG_6745-768x426.jpg 768w, http:\/\/www.fisiofitbadajoz.com\/wp-content\/uploads\/2019\/09\/IMG_6745-1024x568.jpg 1024w\" sizes=\"auto, (max-width: 300px) 100vw, 300px\" \/><\/p>\n<\/div>\n<\/div><\/div><\/div><div id=\"pgc-6395-0-1\"  class=\"panel-grid-cell\" ><div id=\"panel-6395-0-1-0\" class=\"so-panel widget widget_sow-editor panel-first-child panel-last-child\" data-index=\"1\" ><div\n\t\t\t\n\t\t\tclass=\"so-widget-sow-editor so-widget-sow-editor-base\"\n\t\t\t\n\t\t>\n<div class=\"siteorigin-widget-tinymce textwidget\">\n\t<p>Tanto para ponerte en forma y prevenir lesiones, como para recuperarte de cualquier lesi\u00f3n o patolog\u00eda que sufras.<\/p>\n<p>Contacto: David D\u00edaz. 655088121<\/p>\n<\/div>\n<\/div><\/div><\/div><\/div><\/div>","protected":false},"excerpt":{"rendered":"<p>We are dedicated to sports medicine and focus our rehabilitation on the performance needs of our athletes as well as the prevention of sports-related injuries. Whether you are a professional, recreational or scholastic athlete, our approach to sports medicine rehabilitation services is simple: personalized care with exceptional outcomes.<\/p>\n","protected":false},"author":1,"featured_media":7481,"parent":110,"menu_order":0,"comment_status":"closed","ping_status":"closed","template":"","meta":{"_monsterinsights_skip_tracking":false,"_monsterinsights_sitenote_active":false,"_monsterinsights_sitenote_note":"","_monsterinsights_sitenote_category":0,"footnotes":""},"class_list":["post-6395","page","type-page","status-publish","has-post-thumbnail","hentry"],"yoast_head":"<!-- This site is optimized with the Yoast SEO plugin v24.9 - https:\/\/yoast.com\/wordpress\/plugins\/seo\/ -->\n<title>Entrenamiento y readaptaci\u00f3n - Fisiofitbadajoz<\/title>\n<meta name=\"robots\" content=\"index, follow, max-snippet:-1, max-image-preview:large, max-video-preview:-1\" \/>\n<link rel=\"canonical\" href=\"http:\/\/www.fisiofitbadajoz.com\/index.php\/servicios\/entrenamiento\/\" \/>\n<meta property=\"og:locale\" content=\"es_ES\" \/>\n<meta property=\"og:type\" content=\"article\" \/>\n<meta property=\"og:title\" content=\"Entrenamiento y readaptaci\u00f3n - Fisiofitbadajoz\" \/>\n<meta property=\"og:description\" content=\"We are dedicated to sports medicine and focus our rehabilitation on the performance needs of our athletes as well as the prevention of sports-related injuries. Whether you are a professional, recreational or scholastic athlete, our approach to sports medicine rehabilitation services is simple: personalized care with exceptional outcomes.\" \/>\n<meta property=\"og:url\" content=\"http:\/\/www.fisiofitbadajoz.com\/index.php\/servicios\/entrenamiento\/\" \/>\n<meta property=\"og:site_name\" content=\"Fisiofitbadajoz\" \/>\n<meta property=\"article:publisher\" content=\"https:\/\/www.facebook.com\/fisiofitcenter\" \/>\n<meta property=\"article:modified_time\" content=\"2020-08-31T10:19:42+00:00\" \/>\n<meta property=\"og:image\" content=\"http:\/\/www.fisiofitbadajoz.com\/wp-content\/uploads\/2015\/11\/850x567.png\" \/>\n\t<meta property=\"og:image:width\" content=\"850\" \/>\n\t<meta property=\"og:image:height\" content=\"567\" \/>\n\t<meta property=\"og:image:type\" content=\"image\/png\" \/>\n<meta name=\"twitter:card\" content=\"summary_large_image\" \/>\n<script type=\"application\/ld+json\" class=\"yoast-schema-graph\">{\"@context\":\"https:\/\/schema.org\",\"@graph\":[{\"@type\":\"WebPage\",\"@id\":\"http:\/\/www.fisiofitbadajoz.com\/index.php\/servicios\/entrenamiento\/\",\"url\":\"http:\/\/www.fisiofitbadajoz.com\/index.php\/servicios\/entrenamiento\/\",\"name\":\"Entrenamiento y readaptaci\u00f3n - Fisiofitbadajoz\",\"isPartOf\":{\"@id\":\"http:\/\/www.fisiofitbadajoz.com\/#website\"},\"primaryImageOfPage\":{\"@id\":\"http:\/\/www.fisiofitbadajoz.com\/index.php\/servicios\/entrenamiento\/#primaryimage\"},\"image\":{\"@id\":\"http:\/\/www.fisiofitbadajoz.com\/index.php\/servicios\/entrenamiento\/#primaryimage\"},\"thumbnailUrl\":\"http:\/\/www.fisiofitbadajoz.com\/wp-content\/uploads\/2015\/11\/850x567.png\",\"datePublished\":\"2015-12-28T20:04:07+00:00\",\"dateModified\":\"2020-08-31T10:19:42+00:00\",\"breadcrumb\":{\"@id\":\"http:\/\/www.fisiofitbadajoz.com\/index.php\/servicios\/entrenamiento\/#breadcrumb\"},\"inLanguage\":\"es\",\"potentialAction\":[{\"@type\":\"ReadAction\",\"target\":[\"http:\/\/www.fisiofitbadajoz.com\/index.php\/servicios\/entrenamiento\/\"]}]},{\"@type\":\"ImageObject\",\"inLanguage\":\"es\",\"@id\":\"http:\/\/www.fisiofitbadajoz.com\/index.php\/servicios\/entrenamiento\/#primaryimage\",\"url\":\"http:\/\/www.fisiofitbadajoz.com\/wp-content\/uploads\/2015\/11\/850x567.png\",\"contentUrl\":\"http:\/\/www.fisiofitbadajoz.com\/wp-content\/uploads\/2015\/11\/850x567.png\",\"width\":850,\"height\":567},{\"@type\":\"BreadcrumbList\",\"@id\":\"http:\/\/www.fisiofitbadajoz.com\/index.php\/servicios\/entrenamiento\/#breadcrumb\",\"itemListElement\":[{\"@type\":\"ListItem\",\"position\":1,\"name\":\"Portada\",\"item\":\"http:\/\/www.fisiofitbadajoz.com\/\"},{\"@type\":\"ListItem\",\"position\":2,\"name\":\"Servicios\",\"item\":\"http:\/\/www.fisiofitbadajoz.com\/index.php\/servicios\/\"},{\"@type\":\"ListItem\",\"position\":3,\"name\":\"Entrenamiento y readaptaci\u00f3n\"}]},{\"@type\":\"WebSite\",\"@id\":\"http:\/\/www.fisiofitbadajoz.com\/#website\",\"url\":\"http:\/\/www.fisiofitbadajoz.com\/\",\"name\":\"www.fisiofitbadajoz.com\",\"description\":\"Policl\u00ednica en Badajoz. Fisioterapia, podolog\u00eda, nutrici\u00f3n, entrenamiento deportivo, est\u00e9tica.\",\"publisher\":{\"@id\":\"http:\/\/www.fisiofitbadajoz.com\/#organization\"},\"potentialAction\":[{\"@type\":\"SearchAction\",\"target\":{\"@type\":\"EntryPoint\",\"urlTemplate\":\"http:\/\/www.fisiofitbadajoz.com\/?s={search_term_string}\"},\"query-input\":{\"@type\":\"PropertyValueSpecification\",\"valueRequired\":true,\"valueName\":\"search_term_string\"}}],\"inLanguage\":\"es\"},{\"@type\":\"Organization\",\"@id\":\"http:\/\/www.fisiofitbadajoz.com\/#organization\",\"name\":\"Fisiofit Center\",\"url\":\"http:\/\/www.fisiofitbadajoz.com\/\",\"logo\":{\"@type\":\"ImageObject\",\"inLanguage\":\"es\",\"@id\":\"http:\/\/www.fisiofitbadajoz.com\/#\/schema\/logo\/image\/\",\"url\":\"http:\/\/www.fisiofitbadajoz.com\/wp-content\/uploads\/2020\/08\/image0-scaled.jpeg\",\"contentUrl\":\"http:\/\/www.fisiofitbadajoz.com\/wp-content\/uploads\/2020\/08\/image0-scaled.jpeg\",\"width\":1889,\"height\":2560,\"caption\":\"Fisiofit Center\"},\"image\":{\"@id\":\"http:\/\/www.fisiofitbadajoz.com\/#\/schema\/logo\/image\/\"},\"sameAs\":[\"https:\/\/www.facebook.com\/fisiofitcenter\",\"https:\/\/www.instagram.com\/fisiofitcenter\"]}]}<\/script>\n<!-- \/ Yoast SEO plugin. -->","yoast_head_json":{"title":"Entrenamiento y readaptaci\u00f3n - Fisiofitbadajoz","robots":{"index":"index","follow":"follow","max-snippet":"max-snippet:-1","max-image-preview":"max-image-preview:large","max-video-preview":"max-video-preview:-1"},"canonical":"http:\/\/www.fisiofitbadajoz.com\/index.php\/servicios\/entrenamiento\/","og_locale":"es_ES","og_type":"article","og_title":"Entrenamiento y readaptaci\u00f3n - Fisiofitbadajoz","og_description":"We are dedicated to sports medicine and focus our rehabilitation on the performance needs of our athletes as well as the prevention of sports-related injuries. Whether you are a professional, recreational or scholastic athlete, our approach to sports medicine rehabilitation services is simple: personalized care with exceptional outcomes.","og_url":"http:\/\/www.fisiofitbadajoz.com\/index.php\/servicios\/entrenamiento\/","og_site_name":"Fisiofitbadajoz","article_publisher":"https:\/\/www.facebook.com\/fisiofitcenter","article_modified_time":"2020-08-31T10:19:42+00:00","og_image":[{"width":850,"height":567,"url":"http:\/\/www.fisiofitbadajoz.com\/wp-content\/uploads\/2015\/11\/850x567.png","type":"image\/png"}],"twitter_card":"summary_large_image","schema":{"@context":"https:\/\/schema.org","@graph":[{"@type":"WebPage","@id":"http:\/\/www.fisiofitbadajoz.com\/index.php\/servicios\/entrenamiento\/","url":"http:\/\/www.fisiofitbadajoz.com\/index.php\/servicios\/entrenamiento\/","name":"Entrenamiento y readaptaci\u00f3n - Fisiofitbadajoz","isPartOf":{"@id":"http:\/\/www.fisiofitbadajoz.com\/#website"},"primaryImageOfPage":{"@id":"http:\/\/www.fisiofitbadajoz.com\/index.php\/servicios\/entrenamiento\/#primaryimage"},"image":{"@id":"http:\/\/www.fisiofitbadajoz.com\/index.php\/servicios\/entrenamiento\/#primaryimage"},"thumbnailUrl":"http:\/\/www.fisiofitbadajoz.com\/wp-content\/uploads\/2015\/11\/850x567.png","datePublished":"2015-12-28T20:04:07+00:00","dateModified":"2020-08-31T10:19:42+00:00","breadcrumb":{"@id":"http:\/\/www.fisiofitbadajoz.com\/index.php\/servicios\/entrenamiento\/#breadcrumb"},"inLanguage":"es","potentialAction":[{"@type":"ReadAction","target":["http:\/\/www.fisiofitbadajoz.com\/index.php\/servicios\/entrenamiento\/"]}]},{"@type":"ImageObject","inLanguage":"es","@id":"http:\/\/www.fisiofitbadajoz.com\/index.php\/servicios\/entrenamiento\/#primaryimage","url":"http:\/\/www.fisiofitbadajoz.com\/wp-content\/uploads\/2015\/11\/850x567.png","contentUrl":"http:\/\/www.fisiofitbadajoz.com\/wp-content\/uploads\/2015\/11\/850x567.png","width":850,"height":567},{"@type":"BreadcrumbList","@id":"http:\/\/www.fisiofitbadajoz.com\/index.php\/servicios\/entrenamiento\/#breadcrumb","itemListElement":[{"@type":"ListItem","position":1,"name":"Portada","item":"http:\/\/www.fisiofitbadajoz.com\/"},{"@type":"ListItem","position":2,"name":"Servicios","item":"http:\/\/www.fisiofitbadajoz.com\/index.php\/servicios\/"},{"@type":"ListItem","position":3,"name":"Entrenamiento y readaptaci\u00f3n"}]},{"@type":"WebSite","@id":"http:\/\/www.fisiofitbadajoz.com\/#website","url":"http:\/\/www.fisiofitbadajoz.com\/","name":"www.fisiofitbadajoz.com","description":"Policl\u00ednica en Badajoz. Fisioterapia, podolog\u00eda, nutrici\u00f3n, entrenamiento deportivo, est\u00e9tica.","publisher":{"@id":"http:\/\/www.fisiofitbadajoz.com\/#organization"},"potentialAction":[{"@type":"SearchAction","target":{"@type":"EntryPoint","urlTemplate":"http:\/\/www.fisiofitbadajoz.com\/?s={search_term_string}"},"query-input":{"@type":"PropertyValueSpecification","valueRequired":true,"valueName":"search_term_string"}}],"inLanguage":"es"},{"@type":"Organization","@id":"http:\/\/www.fisiofitbadajoz.com\/#organization","name":"Fisiofit Center","url":"http:\/\/www.fisiofitbadajoz.com\/","logo":{"@type":"ImageObject","inLanguage":"es","@id":"http:\/\/www.fisiofitbadajoz.com\/#\/schema\/logo\/image\/","url":"http:\/\/www.fisiofitbadajoz.com\/wp-content\/uploads\/2020\/08\/image0-scaled.jpeg","contentUrl":"http:\/\/www.fisiofitbadajoz.com\/wp-content\/uploads\/2020\/08\/image0-scaled.jpeg","width":1889,"height":2560,"caption":"Fisiofit Center"},"image":{"@id":"http:\/\/www.fisiofitbadajoz.com\/#\/schema\/logo\/image\/"},"sameAs":["https:\/\/www.facebook.com\/fisiofitcenter","https:\/\/www.instagram.com\/fisiofitcenter"]}]}},"_links":{"self":[{"href":"http:\/\/www.fisiofitbadajoz.com\/index.php\/wp-json\/wp\/v2\/pages\/6395","targetHints":{"allow":["GET"]}}],"collection":[{"href":"http:\/\/www.fisiofitbadajoz.com\/index.php\/wp-json\/wp\/v2\/pages"}],"about":[{"href":"http:\/\/www.fisiofitbadajoz.com\/index.php\/wp-json\/wp\/v2\/types\/page"}],"author":[{"embeddable":true,"href":"http:\/\/www.fisiofitbadajoz.com\/index.php\/wp-json\/wp\/v2\/users\/1"}],"replies":[{"embeddable":true,"href":"http:\/\/www.fisiofitbadajoz.com\/index.php\/wp-json\/wp\/v2\/comments?post=6395"}],"version-history":[{"count":4,"href":"http:\/\/www.fisiofitbadajoz.com\/index.php\/wp-json\/wp\/v2\/pages\/6395\/revisions"}],"predecessor-version":[{"id":7778,"href":"http:\/\/www.fisiofitbadajoz.com\/index.php\/wp-json\/wp\/v2\/pages\/6395\/revisions\/7778"}],"up":[{"embeddable":true,"href":"http:\/\/www.fisiofitbadajoz.com\/index.php\/wp-json\/wp\/v2\/pages\/110"}],"wp:featuredmedia":[{"embeddable":true,"href":"http:\/\/www.fisiofitbadajoz.com\/index.php\/wp-json\/wp\/v2\/media\/7481"}],"wp:attachment":[{"href":"http:\/\/www.fisiofitbadajoz.com\/index.php\/wp-json\/wp\/v2\/media?parent=6395"}],"curies":[{"name":"wp","href":"https:\/\/api.w.org\/{rel}","templated":true}]}}