{"id":6266,"date":"2015-12-21T19:42:46","date_gmt":"2015-12-21T19:42:46","guid":{"rendered":"http:\/\/export-xml.qreativethemes.com\/physio\/?page_id=6266"},"modified":"2024-04-12T12:12:09","modified_gmt":"2024-04-12T10:12:09","slug":"fisioterapia","status":"publish","type":"page","link":"http:\/\/www.fisiofitbadajoz.com\/index.php\/servicios\/fisioterapia\/","title":{"rendered":"Fisioterapia"},"content":{"rendered":"<div id=\"pl-6266\"  class=\"panel-layout\" ><div id=\"pg-6266-0\"  class=\"panel-grid panel-no-style\" ><div id=\"pgc-6266-0-0\"  class=\"panel-grid-cell\" ><div id=\"panel-6266-0-0-0\" class=\"so-panel widget widget_sow-editor panel-first-child panel-last-child\" data-index=\"0\" ><div\n\t\t\t\n\t\t\tclass=\"so-widget-sow-editor so-widget-sow-editor-base\"\n\t\t\t\n\t\t>\n<div class=\"siteorigin-widget-tinymce textwidget\">\n\t<p><span style=\"font-size: 16px;\">Enfocado en recuperarte de tus lesiones o patolog\u00edas, somos expertos en terapia manual, adem\u00e1s de contar con lo \u00faltimo en tecnolog\u00eda, como INDIBA ACTIV o SISTEMA S\u00daPER INDUCTIVO, que acelera el proceso de recuperaci\u00f3n de cualquier lesi\u00f3n o patolog\u00eda.<\/span><\/p>\n<p>&nbsp;<\/p>\n<p>-Fisioterapia General<\/p>\n<p>-Terapia Manual<\/p>\n<p>-Fisioterapia Deportiva<\/p>\n<p>-Indiba Activ<\/p>\n<p>-Sistema S\u00faper Inductivo (SIS)<\/p>\n<p>-Diatermia<\/p>\n<p>-Osteopat\u00eda<\/p>\n<p>-Suelo p\u00e9lvico<\/p>\n<p>-Fisioterapia pedi\u00e1trica<\/p>\n<p>-ATM<\/p>\n<p>-Drenaje linf\u00e1tico<\/p>\n<hr \/>\n<\/div>\n<\/div><\/div><\/div><\/div><div id=\"pg-6266-1\"  class=\"panel-grid panel-no-style\" ><div id=\"pgc-6266-1-0\"  class=\"panel-grid-cell\" ><div id=\"panel-6266-1-0-0\" class=\"so-panel widget widget_sow-editor panel-first-child panel-last-child\" data-index=\"1\" ><div\n\t\t\t\n\t\t\tclass=\"so-widget-sow-editor so-widget-sow-editor-base\"\n\t\t\t\n\t\t>\n<div class=\"siteorigin-widget-tinymce textwidget\">\n\t<p><img loading=\"lazy\" decoding=\"async\" class=\"alignnone wp-image-7660 size-medium\" src=\"http:\/\/www.fisiofitbadajoz.com\/wp-content\/uploads\/2019\/09\/IMG_6743-2-300x143.jpg\" alt=\"\" width=\"300\" height=\"143\" srcset=\"http:\/\/www.fisiofitbadajoz.com\/wp-content\/uploads\/2019\/09\/IMG_6743-2-300x143.jpg 300w, http:\/\/www.fisiofitbadajoz.com\/wp-content\/uploads\/2019\/09\/IMG_6743-2-768x367.jpg 768w, http:\/\/www.fisiofitbadajoz.com\/wp-content\/uploads\/2019\/09\/IMG_6743-2-1024x490.jpg 1024w\" sizes=\"auto, (max-width: 300px) 100vw, 300px\" \/><\/p>\n<\/div>\n<\/div><\/div><\/div><div id=\"pgc-6266-1-1\"  class=\"panel-grid-cell\" ><div id=\"panel-6266-1-1-0\" class=\"so-panel widget widget_sow-editor panel-first-child panel-last-child\" data-index=\"2\" ><div\n\t\t\t\n\t\t\tclass=\"so-widget-sow-editor so-widget-sow-editor-base\"\n\t\t\t\n\t\t>\n<div class=\"siteorigin-widget-tinymce textwidget\">\n\t<\/div>\n<\/div><\/div><\/div><\/div><\/div>","protected":false},"excerpt":{"rendered":"<p>We are one of the most advanced chiropractic clinics and carry the latest chiropractic equipment which helps our doctors diagnose and treat back pains, spinal problems, neck pains and other joint disorders.<\/p>\n","protected":false},"author":1,"featured_media":7481,"parent":110,"menu_order":0,"comment_status":"closed","ping_status":"closed","template":"","meta":{"_monsterinsights_skip_tracking":false,"_monsterinsights_sitenote_active":false,"_monsterinsights_sitenote_note":"","_monsterinsights_sitenote_category":0,"footnotes":""},"class_list":["post-6266","page","type-page","status-publish","has-post-thumbnail","hentry"],"yoast_head":"<!-- This site is optimized with the Yoast SEO plugin v24.9 - https:\/\/yoast.com\/wordpress\/plugins\/seo\/ -->\n<title>Fisioterapia - Fisiofitbadajoz<\/title>\n<meta name=\"robots\" content=\"index, follow, max-snippet:-1, max-image-preview:large, max-video-preview:-1\" \/>\n<link rel=\"canonical\" href=\"http:\/\/www.fisiofitbadajoz.com\/index.php\/servicios\/fisioterapia\/\" \/>\n<meta property=\"og:locale\" content=\"es_ES\" \/>\n<meta property=\"og:type\" content=\"article\" \/>\n<meta property=\"og:title\" content=\"Fisioterapia - Fisiofitbadajoz\" \/>\n<meta property=\"og:description\" content=\"We are one of the most advanced chiropractic clinics and carry the latest chiropractic equipment which helps our doctors diagnose and treat back pains, spinal problems, neck pains and other joint disorders.\" \/>\n<meta property=\"og:url\" content=\"http:\/\/www.fisiofitbadajoz.com\/index.php\/servicios\/fisioterapia\/\" \/>\n<meta property=\"og:site_name\" content=\"Fisiofitbadajoz\" \/>\n<meta property=\"article:publisher\" content=\"https:\/\/www.facebook.com\/fisiofitcenter\" \/>\n<meta property=\"article:modified_time\" content=\"2024-04-12T10:12:09+00:00\" \/>\n<meta property=\"og:image\" content=\"http:\/\/www.fisiofitbadajoz.com\/wp-content\/uploads\/2015\/11\/850x567.png\" \/>\n\t<meta property=\"og:image:width\" content=\"850\" \/>\n\t<meta property=\"og:image:height\" content=\"567\" \/>\n\t<meta property=\"og:image:type\" content=\"image\/png\" \/>\n<meta name=\"twitter:card\" content=\"summary_large_image\" \/>\n<meta name=\"twitter:label1\" content=\"Tiempo de lectura\" \/>\n\t<meta name=\"twitter:data1\" content=\"1 minuto\" \/>\n<script type=\"application\/ld+json\" class=\"yoast-schema-graph\">{\"@context\":\"https:\/\/schema.org\",\"@graph\":[{\"@type\":\"WebPage\",\"@id\":\"http:\/\/www.fisiofitbadajoz.com\/index.php\/servicios\/fisioterapia\/\",\"url\":\"http:\/\/www.fisiofitbadajoz.com\/index.php\/servicios\/fisioterapia\/\",\"name\":\"Fisioterapia - Fisiofitbadajoz\",\"isPartOf\":{\"@id\":\"http:\/\/www.fisiofitbadajoz.com\/#website\"},\"primaryImageOfPage\":{\"@id\":\"http:\/\/www.fisiofitbadajoz.com\/index.php\/servicios\/fisioterapia\/#primaryimage\"},\"image\":{\"@id\":\"http:\/\/www.fisiofitbadajoz.com\/index.php\/servicios\/fisioterapia\/#primaryimage\"},\"thumbnailUrl\":\"http:\/\/www.fisiofitbadajoz.com\/wp-content\/uploads\/2015\/11\/850x567.png\",\"datePublished\":\"2015-12-21T19:42:46+00:00\",\"dateModified\":\"2024-04-12T10:12:09+00:00\",\"breadcrumb\":{\"@id\":\"http:\/\/www.fisiofitbadajoz.com\/index.php\/servicios\/fisioterapia\/#breadcrumb\"},\"inLanguage\":\"es\",\"potentialAction\":[{\"@type\":\"ReadAction\",\"target\":[\"http:\/\/www.fisiofitbadajoz.com\/index.php\/servicios\/fisioterapia\/\"]}]},{\"@type\":\"ImageObject\",\"inLanguage\":\"es\",\"@id\":\"http:\/\/www.fisiofitbadajoz.com\/index.php\/servicios\/fisioterapia\/#primaryimage\",\"url\":\"http:\/\/www.fisiofitbadajoz.com\/wp-content\/uploads\/2015\/11\/850x567.png\",\"contentUrl\":\"http:\/\/www.fisiofitbadajoz.com\/wp-content\/uploads\/2015\/11\/850x567.png\",\"width\":850,\"height\":567},{\"@type\":\"BreadcrumbList\",\"@id\":\"http:\/\/www.fisiofitbadajoz.com\/index.php\/servicios\/fisioterapia\/#breadcrumb\",\"itemListElement\":[{\"@type\":\"ListItem\",\"position\":1,\"name\":\"Portada\",\"item\":\"http:\/\/www.fisiofitbadajoz.com\/\"},{\"@type\":\"ListItem\",\"position\":2,\"name\":\"Servicios\",\"item\":\"http:\/\/www.fisiofitbadajoz.com\/index.php\/servicios\/\"},{\"@type\":\"ListItem\",\"position\":3,\"name\":\"Fisioterapia\"}]},{\"@type\":\"WebSite\",\"@id\":\"http:\/\/www.fisiofitbadajoz.com\/#website\",\"url\":\"http:\/\/www.fisiofitbadajoz.com\/\",\"name\":\"www.fisiofitbadajoz.com\",\"description\":\"Policl\u00ednica en Badajoz. Fisioterapia, podolog\u00eda, nutrici\u00f3n, entrenamiento deportivo, est\u00e9tica.\",\"publisher\":{\"@id\":\"http:\/\/www.fisiofitbadajoz.com\/#organization\"},\"potentialAction\":[{\"@type\":\"SearchAction\",\"target\":{\"@type\":\"EntryPoint\",\"urlTemplate\":\"http:\/\/www.fisiofitbadajoz.com\/?s={search_term_string}\"},\"query-input\":{\"@type\":\"PropertyValueSpecification\",\"valueRequired\":true,\"valueName\":\"search_term_string\"}}],\"inLanguage\":\"es\"},{\"@type\":\"Organization\",\"@id\":\"http:\/\/www.fisiofitbadajoz.com\/#organization\",\"name\":\"Fisiofit Center\",\"url\":\"http:\/\/www.fisiofitbadajoz.com\/\",\"logo\":{\"@type\":\"ImageObject\",\"inLanguage\":\"es\",\"@id\":\"http:\/\/www.fisiofitbadajoz.com\/#\/schema\/logo\/image\/\",\"url\":\"http:\/\/www.fisiofitbadajoz.com\/wp-content\/uploads\/2020\/08\/image0-scaled.jpeg\",\"contentUrl\":\"http:\/\/www.fisiofitbadajoz.com\/wp-content\/uploads\/2020\/08\/image0-scaled.jpeg\",\"width\":1889,\"height\":2560,\"caption\":\"Fisiofit Center\"},\"image\":{\"@id\":\"http:\/\/www.fisiofitbadajoz.com\/#\/schema\/logo\/image\/\"},\"sameAs\":[\"https:\/\/www.facebook.com\/fisiofitcenter\",\"https:\/\/www.instagram.com\/fisiofitcenter\"]}]}<\/script>\n<!-- \/ Yoast SEO plugin. -->","yoast_head_json":{"title":"Fisioterapia - Fisiofitbadajoz","robots":{"index":"index","follow":"follow","max-snippet":"max-snippet:-1","max-image-preview":"max-image-preview:large","max-video-preview":"max-video-preview:-1"},"canonical":"http:\/\/www.fisiofitbadajoz.com\/index.php\/servicios\/fisioterapia\/","og_locale":"es_ES","og_type":"article","og_title":"Fisioterapia - Fisiofitbadajoz","og_description":"We are one of the most advanced chiropractic clinics and carry the latest chiropractic equipment which helps our doctors diagnose and treat back pains, spinal problems, neck pains and other joint disorders.","og_url":"http:\/\/www.fisiofitbadajoz.com\/index.php\/servicios\/fisioterapia\/","og_site_name":"Fisiofitbadajoz","article_publisher":"https:\/\/www.facebook.com\/fisiofitcenter","article_modified_time":"2024-04-12T10:12:09+00:00","og_image":[{"width":850,"height":567,"url":"http:\/\/www.fisiofitbadajoz.com\/wp-content\/uploads\/2015\/11\/850x567.png","type":"image\/png"}],"twitter_card":"summary_large_image","twitter_misc":{"Tiempo de lectura":"1 minuto"},"schema":{"@context":"https:\/\/schema.org","@graph":[{"@type":"WebPage","@id":"http:\/\/www.fisiofitbadajoz.com\/index.php\/servicios\/fisioterapia\/","url":"http:\/\/www.fisiofitbadajoz.com\/index.php\/servicios\/fisioterapia\/","name":"Fisioterapia - Fisiofitbadajoz","isPartOf":{"@id":"http:\/\/www.fisiofitbadajoz.com\/#website"},"primaryImageOfPage":{"@id":"http:\/\/www.fisiofitbadajoz.com\/index.php\/servicios\/fisioterapia\/#primaryimage"},"image":{"@id":"http:\/\/www.fisiofitbadajoz.com\/index.php\/servicios\/fisioterapia\/#primaryimage"},"thumbnailUrl":"http:\/\/www.fisiofitbadajoz.com\/wp-content\/uploads\/2015\/11\/850x567.png","datePublished":"2015-12-21T19:42:46+00:00","dateModified":"2024-04-12T10:12:09+00:00","breadcrumb":{"@id":"http:\/\/www.fisiofitbadajoz.com\/index.php\/servicios\/fisioterapia\/#breadcrumb"},"inLanguage":"es","potentialAction":[{"@type":"ReadAction","target":["http:\/\/www.fisiofitbadajoz.com\/index.php\/servicios\/fisioterapia\/"]}]},{"@type":"ImageObject","inLanguage":"es","@id":"http:\/\/www.fisiofitbadajoz.com\/index.php\/servicios\/fisioterapia\/#primaryimage","url":"http:\/\/www.fisiofitbadajoz.com\/wp-content\/uploads\/2015\/11\/850x567.png","contentUrl":"http:\/\/www.fisiofitbadajoz.com\/wp-content\/uploads\/2015\/11\/850x567.png","width":850,"height":567},{"@type":"BreadcrumbList","@id":"http:\/\/www.fisiofitbadajoz.com\/index.php\/servicios\/fisioterapia\/#breadcrumb","itemListElement":[{"@type":"ListItem","position":1,"name":"Portada","item":"http:\/\/www.fisiofitbadajoz.com\/"},{"@type":"ListItem","position":2,"name":"Servicios","item":"http:\/\/www.fisiofitbadajoz.com\/index.php\/servicios\/"},{"@type":"ListItem","position":3,"name":"Fisioterapia"}]},{"@type":"WebSite","@id":"http:\/\/www.fisiofitbadajoz.com\/#website","url":"http:\/\/www.fisiofitbadajoz.com\/","name":"www.fisiofitbadajoz.com","description":"Policl\u00ednica en Badajoz. Fisioterapia, podolog\u00eda, nutrici\u00f3n, entrenamiento deportivo, est\u00e9tica.","publisher":{"@id":"http:\/\/www.fisiofitbadajoz.com\/#organization"},"potentialAction":[{"@type":"SearchAction","target":{"@type":"EntryPoint","urlTemplate":"http:\/\/www.fisiofitbadajoz.com\/?s={search_term_string}"},"query-input":{"@type":"PropertyValueSpecification","valueRequired":true,"valueName":"search_term_string"}}],"inLanguage":"es"},{"@type":"Organization","@id":"http:\/\/www.fisiofitbadajoz.com\/#organization","name":"Fisiofit Center","url":"http:\/\/www.fisiofitbadajoz.com\/","logo":{"@type":"ImageObject","inLanguage":"es","@id":"http:\/\/www.fisiofitbadajoz.com\/#\/schema\/logo\/image\/","url":"http:\/\/www.fisiofitbadajoz.com\/wp-content\/uploads\/2020\/08\/image0-scaled.jpeg","contentUrl":"http:\/\/www.fisiofitbadajoz.com\/wp-content\/uploads\/2020\/08\/image0-scaled.jpeg","width":1889,"height":2560,"caption":"Fisiofit Center"},"image":{"@id":"http:\/\/www.fisiofitbadajoz.com\/#\/schema\/logo\/image\/"},"sameAs":["https:\/\/www.facebook.com\/fisiofitcenter","https:\/\/www.instagram.com\/fisiofitcenter"]}]}},"_links":{"self":[{"href":"http:\/\/www.fisiofitbadajoz.com\/index.php\/wp-json\/wp\/v2\/pages\/6266","targetHints":{"allow":["GET"]}}],"collection":[{"href":"http:\/\/www.fisiofitbadajoz.com\/index.php\/wp-json\/wp\/v2\/pages"}],"about":[{"href":"http:\/\/www.fisiofitbadajoz.com\/index.php\/wp-json\/wp\/v2\/types\/page"}],"author":[{"embeddable":true,"href":"http:\/\/www.fisiofitbadajoz.com\/index.php\/wp-json\/wp\/v2\/users\/1"}],"replies":[{"embeddable":true,"href":"http:\/\/www.fisiofitbadajoz.com\/index.php\/wp-json\/wp\/v2\/comments?post=6266"}],"version-history":[{"count":7,"href":"http:\/\/www.fisiofitbadajoz.com\/index.php\/wp-json\/wp\/v2\/pages\/6266\/revisions"}],"predecessor-version":[{"id":7839,"href":"http:\/\/www.fisiofitbadajoz.com\/index.php\/wp-json\/wp\/v2\/pages\/6266\/revisions\/7839"}],"up":[{"embeddable":true,"href":"http:\/\/www.fisiofitbadajoz.com\/index.php\/wp-json\/wp\/v2\/pages\/110"}],"wp:featuredmedia":[{"embeddable":true,"href":"http:\/\/www.fisiofitbadajoz.com\/index.php\/wp-json\/wp\/v2\/media\/7481"}],"wp:attachment":[{"href":"http:\/\/www.fisiofitbadajoz.com\/index.php\/wp-json\/wp\/v2\/media?parent=6266"}],"curies":[{"name":"wp","href":"https:\/\/api.w.org\/{rel}","templated":true}]}}