{"id":347,"date":"2015-12-04T13:09:18","date_gmt":"2015-12-04T13:09:18","guid":{"rendered":"http:\/\/export-xml.qreativethemes.com\/physio\/?page_id=347"},"modified":"2020-08-31T13:19:04","modified_gmt":"2020-08-31T11:19:04","slug":"faq","status":"publish","type":"page","link":"http:\/\/www.fisiofitbadajoz.com\/index.php\/faq\/","title":{"rendered":"Preguntas frecuentes"},"content":{"rendered":"<div id=\"pl-347\"  class=\"panel-layout\" ><div id=\"pg-347-0\"  class=\"panel-grid panel-no-style\" ><div id=\"pgc-347-0-0\"  class=\"panel-grid-cell\" ><div id=\"panel-347-0-0-0\" class=\"so-panel widget widget_sow-editor panel-first-child panel-last-child\" data-index=\"0\" ><div\n\t\t\t\n\t\t\tclass=\"so-widget-sow-editor so-widget-sow-editor-base\"\n\t\t\t\n\t\t>\n<div class=\"siteorigin-widget-tinymce textwidget\">\n\t<h4>\u00bfQu\u00e9 es un fisioterapeuta?<\/h4>\n<p>Los fisioterapeutas tienen formaci\u00f3n universitaria y son expertos tratamiento de lesiones, prescripci\u00f3n de ejercicios, prevenci\u00f3n de lesiones, rehabilitaci\u00f3n y muchas otras \u00e1reas del deporte, la salud y el estado f\u00edsico.<\/p>\n<\/div>\n<\/div><\/div><\/div><div id=\"pgc-347-0-1\"  class=\"panel-grid-cell\" ><div id=\"panel-347-0-1-0\" class=\"so-panel widget widget_sow-editor panel-first-child panel-last-child\" data-index=\"1\" ><div\n\t\t\t\n\t\t\tclass=\"so-widget-sow-editor so-widget-sow-editor-base\"\n\t\t\t\n\t\t>\n<div class=\"siteorigin-widget-tinymce textwidget\">\n\t<h4>\u00bfQu\u00e9 necesito llevar?<\/h4>\n<p id=\"tw-target-text\" class=\"tw-data-text tw-text-large tw-ta\" dir=\"ltr\" data-placeholder=\"Traducci\u00f3n\"><span lang=\"es\" tabindex=\"0\">Traiga su historial m\u00e9dico o quir\u00fargico anterior. Si los tiene y si son relevantes, traiga informes de exploraci\u00f3n, radiograf\u00edas, resonancia magn\u00e9tica, etc. Es posible que desee traer pantalones cortos y camiseta.<\/span><\/p>\n<\/div>\n<\/div><\/div><\/div><div id=\"pgc-347-0-2\"  class=\"panel-grid-cell\" ><div id=\"panel-347-0-2-0\" class=\"so-panel widget widget_sow-editor panel-first-child panel-last-child\" data-index=\"2\" ><div\n\t\t\t\n\t\t\tclass=\"so-widget-sow-editor so-widget-sow-editor-base\"\n\t\t\t\n\t\t>\n<div class=\"siteorigin-widget-tinymce textwidget\">\n\t<h4>\u00bfCu\u00e1ntas sesiones necesitar\u00e9?<\/h4>\n<p>El n\u00famero de sesiones variar\u00e1 dependiendo del problema, la persona, etc. El fisioterapeuta le valorar\u00e1 y realizar\u00e1 un plan conforme a cada caso individual.<\/p>\n<\/div>\n<\/div><\/div><\/div><\/div><div id=\"pg-347-1\"  class=\"panel-grid panel-no-style\" ><div id=\"pgc-347-1-0\"  class=\"panel-grid-cell panel-grid-cell-empty\" ><\/div><div id=\"pgc-347-1-1\"  class=\"panel-grid-cell panel-grid-cell-mobile-last\" ><div id=\"panel-347-1-1-0\" class=\"so-panel widget widget_sow-editor panel-first-child panel-last-child\" data-index=\"3\" ><div\n\t\t\t\n\t\t\tclass=\"so-widget-sow-editor so-widget-sow-editor-base\"\n\t\t\t\n\t\t>\n<div class=\"siteorigin-widget-tinymce textwidget\">\n\t<h4><strong class=\"question\">\u00bfC\u00f3mo puedo reservar una cita?<\/strong><\/h4>\n<p>Puedes reservar cita previa en nuestras instalaciones, llamando al tel\u00e9fono 722396749, 924198639, o por whatsapp.<\/p>\n<\/div>\n<\/div><\/div><\/div><div id=\"pgc-347-1-2\"  class=\"panel-grid-cell panel-grid-cell-empty\" ><\/div><\/div><div id=\"pg-347-2\"  class=\"panel-grid panel-no-style\" ><div id=\"pgc-347-2-0\"  class=\"panel-grid-cell\" ><div id=\"panel-347-2-0-0\" class=\"so-panel widget widget_sow-editor panel-first-child panel-last-child\" data-index=\"4\" ><div class=\"smaller-widget-title panel-widget-style panel-widget-style-for-347-2-0-0\" ><div\n\t\t\t\n\t\t\tclass=\"so-widget-sow-editor so-widget-sow-editor-base\"\n\t\t\t\n\t\t>\n<div class=\"siteorigin-widget-tinymce textwidget\">\n\t<div class=\"panel-group\" id=\"accordion-0\" data-panel=\"accordion-0\"><\/p>\n<p><div class=\"panel\"><div class=\"panel-heading\"><h3 class=\"panel-title\"><a class=\"accordion-toggle\" data-toggle=\"collapse\" data-parent=\"#accordion-0\" href=\"#collapse_0\" aria-expanded=\"true\">\u00bfCu\u00e1nto tiempo durar\u00e1 mi tratamiento de fisioterapia?<\/a><\/h3><\/div><div id=\"collapse_0\" class=\"panel-collapse collapse in\"><div class=\"panel-body\"><\/p>\n<p>La duraci\u00f3n del tratamiento depender\u00e1 del diagn\u00f3stico, la severidad de las lesiones, tu pasado m\u00e9dico, entre otros factores. Se ir\u00e1n haciendo reevaluaciones para ver el progreso de la lesi\u00f3n que se ir\u00e1n comunicando para ayudarte a lograr las metas propuestas.<\/p>\n<p> <\/div><\/div><\/div><\/p>\n<p><div class=\"panel\"><div class=\"panel-heading\"><h3 class=\"panel-title\"><a class=\"accordion-toggle\" data-toggle=\"collapse\" data-parent=\"#accordion-0\" href=\"#collapse_1\" >\u00bfQu\u00e9 servicios se me ofrecen en la cl\u00ednica?<\/a><\/h3><\/div><div id=\"collapse_1\" class=\"panel-collapse collapse \"><div class=\"panel-body\"><\/p>\n<p>Evaluamos y tratamos a cada paciente en un amplio rango de casos y diagn\u00f3sticos. Visita nuestros servicios para obtener m\u00e1s informaci\u00f3n acerca de ellos.<\/p>\n<p> <\/div><\/div><\/div><\/p>\n<p><div class=\"panel\"><div class=\"panel-heading\"><h3 class=\"panel-title\"><a class=\"accordion-toggle\" data-toggle=\"collapse\" data-parent=\"#accordion-0\" href=\"#collapse_2\" >\u00bfC\u00f3mo s\u00e9 si mi lesi\u00f3n requiere los servicios de un fisioterapeuta?<\/a><\/h3><\/div><div id=\"collapse_2\" class=\"panel-collapse collapse \"><div class=\"panel-body\"><\/p>\n<p>Te examinaremos, te exploraremos y determinaremos si es necesario o no requerir de nuestros servicios para tu patolog\u00eda.<\/p>\n<p> <\/div><\/div><\/div><\/p>\n<p><div class=\"panel\"><div class=\"panel-heading\"><h3 class=\"panel-title\"><a class=\"accordion-toggle\" data-toggle=\"collapse\" data-parent=\"#accordion-0\" href=\"#collapse_3\" >\u00bfC\u00f3mo puedo cancelar o aplazar mi cita?<\/a><\/h3><\/div><div id=\"collapse_3\" class=\"panel-collapse collapse \"><div class=\"panel-body\"><\/p>\n<p>Puedes realizarlo de la misma manera en la que reservaste la cita.<\/p>\n<p> <\/div><\/div><\/div><\/p>\n<p><\/div>\n<\/div>\n<\/div><\/div><\/div><\/div><\/div><div id=\"pg-347-3\"  class=\"panel-grid panel-has-style\" ><div class=\"panel-row-style panel-row-style-for-347-3\" ><div id=\"pgc-347-3-0\"  class=\"panel-grid-cell\" ><div class=\"text-center panel-cell-style panel-cell-style-for-347-3-0\" ><div id=\"panel-347-3-0-0\" class=\"so-panel widget widget_sow-editor panel-first-child panel-last-child\" data-index=\"5\" ><div\n\t\t\t\n\t\t\tclass=\"so-widget-sow-editor so-widget-sow-editor-base\"\n\t\t\t\n\t\t><h3 class=\"widget-title\">Preg\u00fantanos<\/h3>\n<div class=\"siteorigin-widget-tinymce textwidget\">\n\t<p>Puedes venir a la cl\u00ednica o llamarnos para preguntarnos cualquier duda que te surja.<\/p>\n<\/div>\n<\/div><\/div><\/div><\/div><\/div><\/div><\/div>","protected":false},"excerpt":{"rendered":"<p>\u00bfQu\u00e9 es un fisioterapeuta? Los fisioterapeutas tienen formaci\u00f3n universitaria y son expertos tratamiento de lesiones, prescripci\u00f3n de ejercicios, prevenci\u00f3n de lesiones, rehabilitaci\u00f3n y muchas otras \u00e1reas del deporte, la salud y el estado f\u00edsico. \u00bfQu\u00e9 necesito llevar? Traiga su historial m\u00e9dico o quir\u00fargico anterior. Si los tiene y si son relevantes, traiga informes de exploraci\u00f3n, [&hellip;]<\/p>\n","protected":false},"author":1,"featured_media":0,"parent":0,"menu_order":0,"comment_status":"closed","ping_status":"closed","template":"","meta":{"_monsterinsights_skip_tracking":false,"_monsterinsights_sitenote_active":false,"_monsterinsights_sitenote_note":"","_monsterinsights_sitenote_category":0,"footnotes":""},"class_list":["post-347","page","type-page","status-publish","hentry"],"yoast_head":"<!-- This site is optimized with the Yoast SEO plugin v24.9 - https:\/\/yoast.com\/wordpress\/plugins\/seo\/ -->\n<title>Preguntas frecuentes - Fisiofitbadajoz<\/title>\n<meta name=\"robots\" content=\"index, follow, max-snippet:-1, max-image-preview:large, max-video-preview:-1\" \/>\n<link rel=\"canonical\" href=\"http:\/\/www.fisiofitbadajoz.com\/index.php\/faq\/\" \/>\n<meta property=\"og:locale\" content=\"es_ES\" \/>\n<meta property=\"og:type\" content=\"article\" \/>\n<meta property=\"og:title\" content=\"Preguntas frecuentes - Fisiofitbadajoz\" \/>\n<meta property=\"og:description\" content=\"\u00bfQu\u00e9 es un fisioterapeuta? Los fisioterapeutas tienen formaci\u00f3n universitaria y son expertos tratamiento de lesiones, prescripci\u00f3n de ejercicios, prevenci\u00f3n de lesiones, rehabilitaci\u00f3n y muchas otras \u00e1reas del deporte, la salud y el estado f\u00edsico. \u00bfQu\u00e9 necesito llevar? Traiga su historial m\u00e9dico o quir\u00fargico anterior. Si los tiene y si son relevantes, traiga informes de exploraci\u00f3n, [&hellip;]\" \/>\n<meta property=\"og:url\" content=\"http:\/\/www.fisiofitbadajoz.com\/index.php\/faq\/\" \/>\n<meta property=\"og:site_name\" content=\"Fisiofitbadajoz\" \/>\n<meta property=\"article:publisher\" content=\"https:\/\/www.facebook.com\/fisiofitcenter\" \/>\n<meta property=\"article:modified_time\" content=\"2020-08-31T11:19:04+00:00\" \/>\n<meta name=\"twitter:card\" content=\"summary_large_image\" \/>\n<meta name=\"twitter:label1\" content=\"Tiempo de lectura\" \/>\n\t<meta name=\"twitter:data1\" content=\"2 minutos\" \/>\n<script type=\"application\/ld+json\" class=\"yoast-schema-graph\">{\"@context\":\"https:\/\/schema.org\",\"@graph\":[{\"@type\":\"WebPage\",\"@id\":\"http:\/\/www.fisiofitbadajoz.com\/index.php\/faq\/\",\"url\":\"http:\/\/www.fisiofitbadajoz.com\/index.php\/faq\/\",\"name\":\"Preguntas frecuentes - Fisiofitbadajoz\",\"isPartOf\":{\"@id\":\"http:\/\/www.fisiofitbadajoz.com\/#website\"},\"datePublished\":\"2015-12-04T13:09:18+00:00\",\"dateModified\":\"2020-08-31T11:19:04+00:00\",\"breadcrumb\":{\"@id\":\"http:\/\/www.fisiofitbadajoz.com\/index.php\/faq\/#breadcrumb\"},\"inLanguage\":\"es\",\"potentialAction\":[{\"@type\":\"ReadAction\",\"target\":[\"http:\/\/www.fisiofitbadajoz.com\/index.php\/faq\/\"]}]},{\"@type\":\"BreadcrumbList\",\"@id\":\"http:\/\/www.fisiofitbadajoz.com\/index.php\/faq\/#breadcrumb\",\"itemListElement\":[{\"@type\":\"ListItem\",\"position\":1,\"name\":\"Portada\",\"item\":\"http:\/\/www.fisiofitbadajoz.com\/\"},{\"@type\":\"ListItem\",\"position\":2,\"name\":\"Preguntas frecuentes\"}]},{\"@type\":\"WebSite\",\"@id\":\"http:\/\/www.fisiofitbadajoz.com\/#website\",\"url\":\"http:\/\/www.fisiofitbadajoz.com\/\",\"name\":\"www.fisiofitbadajoz.com\",\"description\":\"Policl\u00ednica en Badajoz. Fisioterapia, podolog\u00eda, nutrici\u00f3n, entrenamiento deportivo, est\u00e9tica.\",\"publisher\":{\"@id\":\"http:\/\/www.fisiofitbadajoz.com\/#organization\"},\"potentialAction\":[{\"@type\":\"SearchAction\",\"target\":{\"@type\":\"EntryPoint\",\"urlTemplate\":\"http:\/\/www.fisiofitbadajoz.com\/?s={search_term_string}\"},\"query-input\":{\"@type\":\"PropertyValueSpecification\",\"valueRequired\":true,\"valueName\":\"search_term_string\"}}],\"inLanguage\":\"es\"},{\"@type\":\"Organization\",\"@id\":\"http:\/\/www.fisiofitbadajoz.com\/#organization\",\"name\":\"Fisiofit Center\",\"url\":\"http:\/\/www.fisiofitbadajoz.com\/\",\"logo\":{\"@type\":\"ImageObject\",\"inLanguage\":\"es\",\"@id\":\"http:\/\/www.fisiofitbadajoz.com\/#\/schema\/logo\/image\/\",\"url\":\"http:\/\/www.fisiofitbadajoz.com\/wp-content\/uploads\/2020\/08\/image0-scaled.jpeg\",\"contentUrl\":\"http:\/\/www.fisiofitbadajoz.com\/wp-content\/uploads\/2020\/08\/image0-scaled.jpeg\",\"width\":1889,\"height\":2560,\"caption\":\"Fisiofit Center\"},\"image\":{\"@id\":\"http:\/\/www.fisiofitbadajoz.com\/#\/schema\/logo\/image\/\"},\"sameAs\":[\"https:\/\/www.facebook.com\/fisiofitcenter\",\"https:\/\/www.instagram.com\/fisiofitcenter\"]}]}<\/script>\n<!-- \/ Yoast SEO plugin. -->","yoast_head_json":{"title":"Preguntas frecuentes - Fisiofitbadajoz","robots":{"index":"index","follow":"follow","max-snippet":"max-snippet:-1","max-image-preview":"max-image-preview:large","max-video-preview":"max-video-preview:-1"},"canonical":"http:\/\/www.fisiofitbadajoz.com\/index.php\/faq\/","og_locale":"es_ES","og_type":"article","og_title":"Preguntas frecuentes - Fisiofitbadajoz","og_description":"\u00bfQu\u00e9 es un fisioterapeuta? Los fisioterapeutas tienen formaci\u00f3n universitaria y son expertos tratamiento de lesiones, prescripci\u00f3n de ejercicios, prevenci\u00f3n de lesiones, rehabilitaci\u00f3n y muchas otras \u00e1reas del deporte, la salud y el estado f\u00edsico. \u00bfQu\u00e9 necesito llevar? Traiga su historial m\u00e9dico o quir\u00fargico anterior. Si los tiene y si son relevantes, traiga informes de exploraci\u00f3n, [&hellip;]","og_url":"http:\/\/www.fisiofitbadajoz.com\/index.php\/faq\/","og_site_name":"Fisiofitbadajoz","article_publisher":"https:\/\/www.facebook.com\/fisiofitcenter","article_modified_time":"2020-08-31T11:19:04+00:00","twitter_card":"summary_large_image","twitter_misc":{"Tiempo de lectura":"2 minutos"},"schema":{"@context":"https:\/\/schema.org","@graph":[{"@type":"WebPage","@id":"http:\/\/www.fisiofitbadajoz.com\/index.php\/faq\/","url":"http:\/\/www.fisiofitbadajoz.com\/index.php\/faq\/","name":"Preguntas frecuentes - Fisiofitbadajoz","isPartOf":{"@id":"http:\/\/www.fisiofitbadajoz.com\/#website"},"datePublished":"2015-12-04T13:09:18+00:00","dateModified":"2020-08-31T11:19:04+00:00","breadcrumb":{"@id":"http:\/\/www.fisiofitbadajoz.com\/index.php\/faq\/#breadcrumb"},"inLanguage":"es","potentialAction":[{"@type":"ReadAction","target":["http:\/\/www.fisiofitbadajoz.com\/index.php\/faq\/"]}]},{"@type":"BreadcrumbList","@id":"http:\/\/www.fisiofitbadajoz.com\/index.php\/faq\/#breadcrumb","itemListElement":[{"@type":"ListItem","position":1,"name":"Portada","item":"http:\/\/www.fisiofitbadajoz.com\/"},{"@type":"ListItem","position":2,"name":"Preguntas frecuentes"}]},{"@type":"WebSite","@id":"http:\/\/www.fisiofitbadajoz.com\/#website","url":"http:\/\/www.fisiofitbadajoz.com\/","name":"www.fisiofitbadajoz.com","description":"Policl\u00ednica en Badajoz. Fisioterapia, podolog\u00eda, nutrici\u00f3n, entrenamiento deportivo, est\u00e9tica.","publisher":{"@id":"http:\/\/www.fisiofitbadajoz.com\/#organization"},"potentialAction":[{"@type":"SearchAction","target":{"@type":"EntryPoint","urlTemplate":"http:\/\/www.fisiofitbadajoz.com\/?s={search_term_string}"},"query-input":{"@type":"PropertyValueSpecification","valueRequired":true,"valueName":"search_term_string"}}],"inLanguage":"es"},{"@type":"Organization","@id":"http:\/\/www.fisiofitbadajoz.com\/#organization","name":"Fisiofit Center","url":"http:\/\/www.fisiofitbadajoz.com\/","logo":{"@type":"ImageObject","inLanguage":"es","@id":"http:\/\/www.fisiofitbadajoz.com\/#\/schema\/logo\/image\/","url":"http:\/\/www.fisiofitbadajoz.com\/wp-content\/uploads\/2020\/08\/image0-scaled.jpeg","contentUrl":"http:\/\/www.fisiofitbadajoz.com\/wp-content\/uploads\/2020\/08\/image0-scaled.jpeg","width":1889,"height":2560,"caption":"Fisiofit Center"},"image":{"@id":"http:\/\/www.fisiofitbadajoz.com\/#\/schema\/logo\/image\/"},"sameAs":["https:\/\/www.facebook.com\/fisiofitcenter","https:\/\/www.instagram.com\/fisiofitcenter"]}]}},"_links":{"self":[{"href":"http:\/\/www.fisiofitbadajoz.com\/index.php\/wp-json\/wp\/v2\/pages\/347","targetHints":{"allow":["GET"]}}],"collection":[{"href":"http:\/\/www.fisiofitbadajoz.com\/index.php\/wp-json\/wp\/v2\/pages"}],"about":[{"href":"http:\/\/www.fisiofitbadajoz.com\/index.php\/wp-json\/wp\/v2\/types\/page"}],"author":[{"embeddable":true,"href":"http:\/\/www.fisiofitbadajoz.com\/index.php\/wp-json\/wp\/v2\/users\/1"}],"replies":[{"embeddable":true,"href":"http:\/\/www.fisiofitbadajoz.com\/index.php\/wp-json\/wp\/v2\/comments?post=347"}],"version-history":[{"count":2,"href":"http:\/\/www.fisiofitbadajoz.com\/index.php\/wp-json\/wp\/v2\/pages\/347\/revisions"}],"predecessor-version":[{"id":7793,"href":"http:\/\/www.fisiofitbadajoz.com\/index.php\/wp-json\/wp\/v2\/pages\/347\/revisions\/7793"}],"wp:attachment":[{"href":"http:\/\/www.fisiofitbadajoz.com\/index.php\/wp-json\/wp\/v2\/media?parent=347"}],"curies":[{"name":"wp","href":"https:\/\/api.w.org\/{rel}","templated":true}]}}