{"id":3,"date":"2019-04-11T19:52:54","date_gmt":"2019-04-11T19:52:54","guid":{"rendered":"http:\/\/www.fisiofitbadajoz.com\/?page_id=3"},"modified":"2019-09-24T11:10:03","modified_gmt":"2019-09-24T11:10:03","slug":"privacy-policy","status":"publish","type":"page","link":"http:\/\/www.fisiofitbadajoz.com\/index.php\/privacy-policy\/","title":{"rendered":"Pol\u00edtica de privacidad"},"content":{"rendered":"\n<p><strong>SUS DATOS SEGUROS<\/strong><\/p>\n\n\n\n<h1 class=\"wp-block-heading\">Informaci\u00f3n\nen cumplimiento de la normativa de protecci\u00f3n de datos personales<\/h1>\n\n\n\n<p>En Europa y en Espa\u00f1a existen normas de protecci\u00f3n de datos pensadas para\nproteger su informaci\u00f3n personal de obligado cumplimiento para nuestra entidad.<\/p>\n\n\n\n<p>Por ello, es muy importante para nosotros que entienda perfectamente qu\u00e9\nvamos a hacer con los datos personales que le pedimos.<\/p>\n\n\n\n<p>As\u00ed, seremos transparentes y le daremos el control de sus datos, con un\nlenguaje sencillo y opciones claras que le permitir\u00e1n decidir qu\u00e9 haremos con\nsu informaci\u00f3n personal.<\/p>\n\n\n\n<p>Por favor, si una vez le\u00edda la presente informaci\u00f3n le queda alguna duda,\nno dude en preguntarnos.<\/p>\n\n\n\n<p>Muchas gracias por su colaboraci\u00f3n.<\/p>\n\n\n\n<ul class=\"wp-block-list\"><li><strong>\u00bf<\/strong><strong>Qui\u00e9nes somos?<\/strong><\/li><li>Nuestra denominaci\u00f3n: JUAN MANUEL SANCHEZ CARRASCO (FISIOFIT CENTER).<\/li><\/ul>\n\n\n\n<ul class=\"wp-block-list\"><li>Nuestro CIF \/ NIF: 80087209 J<\/li><\/ul>\n\n\n\n<ul class=\"wp-block-list\"><li>Nuestra actividad principal:<strong>FISIOTERAPEUTA<\/strong><\/li><\/ul>\n\n\n\n<ul class=\"wp-block-list\"><li>Nuestra direcci\u00f3n: <strong>C\/FERNANDO CAST\u00d3N,\nN\u00ba6,&nbsp; CP 06005, BADAJOZ (BADAJOZ).<\/strong><\/li><\/ul>\n\n\n\n<ul class=\"wp-block-list\"><li>Nuestro tel\u00e9fono de contacto: 722396749<\/li><\/ul>\n\n\n\n<ul class=\"wp-block-list\"><li>Nuestra direcci\u00f3n de correo electr\u00f3nico de contacto: juanma@fisiofitbadajoz.com<\/li><\/ul>\n\n\n\n<ul class=\"wp-block-list\"><li>Nuestra p\u00e1gina web: www.fisiofitbadajoz.com<\/li><\/ul>\n\n\n\n<ul class=\"wp-block-list\"><li>Para su confianza y seguridad, le informamos que somos una entidad inscrita en el siguiente Registro Mercantil \/Registro P\u00fablico: Centros sanitarios<\/li><\/ul>\n\n\n\n<ul class=\"wp-block-list\"><li>Nuestra actividad principal est\u00e1 sujeta a un r\u00e9gimen de autorizaci\u00f3n administrativa previa. Para su confianza y seguridad, le facilitamos los datos relativos a dicha autorizaci\u00f3n y los identificativos del \u00f3rgano competente de nuestra supervisi\u00f3n: <\/li><\/ul>\n\n\n\n<p><strong>Autorizaci\u00f3n\nadministrativa:<\/strong><strong> <\/strong><\/p>\n\n\n\n<p><strong>\u00d3rgano encargado de nuestra supervisi\u00f3n: Consejer\u00eda de sanidad de la Junta de Extremadura<\/strong><\/p>\n\n\n\n<ul class=\"wp-block-list\"><li>El responsable de\nesta p\u00e1gina web ejerce una profesi\u00f3n regulada, para lo cual le facilitamos la\nsiguiente informaci\u00f3n:<\/li><\/ul>\n\n\n\n<p><strong>Colegio profesional al que pertenece: Colegio de fisioterapeutas de la Comunidad de Extremadura<\/strong><\/p>\n\n\n\n<p><strong>T\u00edtulo acad\u00e9mico oficial o profesional: Diplomado en Fisioterapia\/Graduado en Ciencias de la Actividad F\u00edsica y el Deporte<\/strong><\/p>\n\n\n\n<p><strong>Estado de la Uni\u00f3n Europea en que se expidi\u00f3 dicho t\u00edtulo: Extremadura(Espa\u00f1a)<\/strong><\/p>\n\n\n\n<p><strong>Normas profesionales aplicables al ejercicio de la profesi\u00f3n:<\/strong><\/p>\n\n\n\n<p>Estamos a su disposici\u00f3n, no dude en contactar con\nnosotros.<\/p>\n\n\n\n<ul class=\"wp-block-list\"><li><strong>\u00bfPara qu\u00e9 vamos a usar sus datos?<\/strong><\/li><\/ul>\n\n\n\n<p>Con car\u00e1cter\ngeneral, sus datos personales ser\u00e1n usados para poder relacionarnos con usted y\npoder prestarle nuestros servicios.<\/p>\n\n\n\n<p>Asimismo, tambi\u00e9n pueden ser usados para otras actividades, como enviarle\npublicidad o promocionar nuestras actividades.&nbsp;\n<\/p>\n\n\n\n<ul class=\"wp-block-list\"><li><strong>\u00bfPor qu\u00e9 necesitamos usar sus datos?<\/strong><\/li><\/ul>\n\n\n\n<p>Sus datos personales\nson necesarios para poder relacionarnos con usted y poder prestarle nuestros\nservicios. En este sentido, pondremos a su disposici\u00f3n una serie de casillas\nque le permitir\u00e1n decidir de manera clara y sencilla sobre el uso de su\ninformaci\u00f3n personal.&nbsp; <\/p>\n\n\n\n<ul class=\"wp-block-list\"><li><strong>\u00bfQui\u00e9n va a conocer la informaci\u00f3n que le pedimos?<\/strong><\/li><\/ul>\n\n\n\n<p>Con car\u00e1cter\ngeneral, s\u00f3lo el personal de nuestra entidad que est\u00e9 debidamente autorizado\npodr\u00e1 tener conocimiento de la informaci\u00f3n que le pedimos.<\/p>\n\n\n\n<p>De igual modo,\npodr\u00e1n tener conocimiento de su informaci\u00f3n personal aquellas entidades que\nnecesiten tener acceso a la misma para que podamos prestarle nuestros\nservicios. As\u00ed por ejemplo, nuestro banco conocer\u00e1 sus datos si el pago de\nnuestros servicios se realiza mediante tarjeta o transferencia bancaria.<\/p>\n\n\n\n<p>Asimismo, tendr\u00e1n\nconocimiento de su informaci\u00f3n aquellas entidades p\u00fablicas o privadas a las\ncuales estemos obligados a facilitar sus datos personales con motivo del\ncumplimiento de alguna ley. Poni\u00e9ndole un ejemplo, la Ley Tributaria obliga a\nfacilitar a la Agencia Tributaria determinada informaci\u00f3n sobre operaciones\necon\u00f3micas que superen una determinada cantidad.<\/p>\n\n\n\n<p>En el caso de que, al margen de los supuestos comentados, necesitemos dar\na conocer&nbsp; su informaci\u00f3n personal a\notras entidades, le solicitaremos previamente su permiso a trav\u00e9s de opciones\nclaras que le permitir\u00e1n decidir a este respecto.<\/p>\n\n\n\n<ul class=\"wp-block-list\"><li><strong>\u00bfC\u00f3mo vamos a proteger sus datos?<\/strong><\/li><\/ul>\n\n\n\n<p>Protegeremos sus\ndatos con medidas de seguridad eficaces en funci\u00f3n de los riesgos que conlleve\nel uso de su informaci\u00f3n.<\/p>\n\n\n\n<p>Para ello, nuestra entidad ha aprobado una Pol\u00edtica de Protecci\u00f3n de\nDatos y se realizan controles y auditor\u00edas anuales para verificar que sus datos\npersonales est\u00e1n seguros en todo momento.<\/p>\n\n\n\n<ul class=\"wp-block-list\"><li><strong>\u00bfEnviaremos sus datos a otros pa\u00edses?<\/strong><\/li><\/ul>\n\n\n\n<p>En el mundo hay\npa\u00edses que son seguros para sus datos y otros que no lo son tanto. As\u00ed por\nejemplo, la Uni\u00f3n Europea es un entorno seguro para sus datos. Nuestra pol\u00edtica\nes no enviar su informaci\u00f3n personal a ning\u00fan pa\u00eds que no sea seguro desde el\npunto de vista de la protecci\u00f3n de sus datos.<\/p>\n\n\n\n<p>En el caso de que, con motivo de prestarle el servicio, sea\nimprescindible enviar sus datos a un pa\u00eds que no sea tan seguro como Espa\u00f1a,\nsiempre le solicitaremos previamente su permiso y aplicaremos medidas de\nseguridad eficaces que reduzcan los riesgos del env\u00edo de su informaci\u00f3n\npersonal a otro pa\u00eds. <\/p>\n\n\n\n<ul class=\"wp-block-list\"><li><strong>\u00bfDurante cu\u00e1nto tiempo vamos a conservar sus datos?<\/strong><\/li><\/ul>\n\n\n\n<p>Conservaremos sus datos durante nuestra relaci\u00f3n y mientras nos obliguen\nlas leyes. Una vez finalizados los plazos legales aplicables, procederemos a\neliminarlos de forma segura y respetuosa con el medio ambiente. <\/p>\n\n\n\n<ul class=\"wp-block-list\"><li><strong>\u00bfCu\u00e1les son sus derechos de protecci\u00f3n de datos?<\/strong><\/li><\/ul>\n\n\n\n<p>En cualquier momento\npuede dirigirse a nosotros para saber qu\u00e9 informaci\u00f3n tenemos sobre usted,\nrectificarla si fuese incorrecta y eliminarla una vez finalizada nuestra\nrelaci\u00f3n, en el caso de que ello sea legalmente posible. <\/p>\n\n\n\n<p>Tambi\u00e9n tiene\nderecho a solicitar el traspaso de su informaci\u00f3n a otra entidad. Este derecho\nse llama \u201cportabilidad\u201d y puede ser \u00fatil en determinadas situaciones.<\/p>\n\n\n\n<p>Para solicitar\nalguno de estos derechos, deber\u00e1 realizar una solicitud escrita a nuestra\ndirecci\u00f3n, junto con una fotocopia de su DNI, para poder identificarle. <\/p>\n\n\n\n<p>En las oficinas de\nnuestra entidad disponemos de formularios espec\u00edficos para solicitar dichos\nderechos y le ofrecemos nuestra ayuda para su cumplimentaci\u00f3n.<\/p>\n\n\n\n<p>Para saber m\u00e1s sobre sus derechos de protecci\u00f3n de datos, puede consultar\nla &nbsp;p\u00e1gina web de la Agencia Espa\u00f1ola de\nProtecci\u00f3n de Datos (<a href=\"http:\/\/www.agpd.es\">www.agpd.es<\/a>).<\/p>\n\n\n\n<ul class=\"wp-block-list\"><li><strong>\u00bfPuede retirar su consentimiento si cambia de opini\u00f3n en un\nmomento posterior?<\/strong><\/li><\/ul>\n\n\n\n<p>Usted puede retirar\nsu consentimiento si cambia de opini\u00f3n sobre el uso de sus datos en cualquier\nmomento. <\/p>\n\n\n\n<p>As\u00ed por ejemplo, si usted en su d\u00eda estuvo interesado\/a en recibir\npublicidad de nuestros productos o servicios, pero ya no desea recibir m\u00e1s\npublicidad, puede hac\u00e9rnoslo constar a trav\u00e9s del formulario de oposici\u00f3n al\ntratamiento disponible en las oficinas de nuestra entidad.<\/p>\n\n\n\n<ul class=\"wp-block-list\"><li><strong>En caso de que entienda que sus derechos han sido desatendidos,\n\u00bfd\u00f3nde puede formular una reclamaci\u00f3n?<\/strong><\/li><\/ul>\n\n\n\n<p>En caso de que\nentienda que sus derechos han sido desatendidos por nuestra entidad, puede\nformular una reclamaci\u00f3n en la Agencia Espa\u00f1ola de Protecci\u00f3n de Datos, a\ntrav\u00e9s de alguno de los medios siguientes:<\/p>\n\n\n\n<ul class=\"wp-block-list\"><li>Sede electr\u00f3nica: www.agpd.es<\/li><li>Direcci\u00f3n postal:<\/li><\/ul>\n\n\n\n<p>Agencia Espa\u00f1ola de Protecci\u00f3n de Datos <br>\nC\/ Jorge Juan, 6<br>\n28001-Madrid <\/p>\n\n\n\n<ul class=\"wp-block-list\"><li>V\u00eda telef\u00f3nica:<\/li><\/ul>\n\n\n\n<p>Telf. 901 100 099 <\/p>\n\n\n\n<p>Telf. 91 266 35 17<\/p>\n\n\n\n<p>Formular una reclamaci\u00f3n en la Agencia Espa\u00f1ola de Protecci\u00f3n de Datos no\nconlleva ning\u00fan coste y no es necesaria la asistencia de abogado ni procurador.\n<\/p>\n\n\n\n<ul class=\"wp-block-list\"><li><strong>\u00bfElaboraremos perfiles sobre usted?<\/strong><\/li><\/ul>\n\n\n\n<p>Nuestra pol\u00edtica es\nno elaborar perfiles sobre los usuarios de nuestros servicios.<\/p>\n\n\n\n<p>No obstante, pueden\nexistir situaciones en las que, con fines de prestaci\u00f3n del servicio,\ncomerciales o de otro tipo, necesitemos elaborar perfiles de informaci\u00f3n sobre\nusted. Un ejemplo pudiera ser la utilizaci\u00f3n de su historial de compras o\nservicios para poder ofrecerle productos o servicios adaptados a sus gustos o\nnecesidades.<\/p>\n\n\n\n<p>En tal caso, aplicaremos medidas de seguridad\neficaces que protejan su informaci\u00f3n en todo momento de personas no autorizadas\nque pretendan utilizarla en su propio beneficio. <\/p>\n\n\n\n<ul class=\"wp-block-list\"><li><strong>\u00bfUsaremos sus datos para otros fines?<\/strong><\/li><\/ul>\n\n\n\n<p>Nuestra pol\u00edtica es no usar sus datos para otras finalidades distintas a las que le hemos explicado. Si, no obstante, necesit\u00e1semos usar sus datos para actividades distintas, siempre le solicitaremos previamente su permiso a trav\u00e9s de opciones claras que le permitir\u00e1n decidir al respecto.<\/p>\n\n\n\n<p><strong>POL\u00cdTICA DE PROTECCI\u00d3N DE DATOS<\/strong><\/p>\n\n\n\n<p>La Direcci\u00f3n \/ \u00d3rgano de Gobierno de <strong>JUAN MANUEL SANCHEZ CARRASCO (FISIOFIT\nCENTER)<\/strong><strong>.<\/strong> (en adelante, el responsable\ndel tratamiento), asume la m\u00e1xima responsabilidad y compromiso con el\nestablecimiento, implementaci\u00f3n y mantenimiento de la presente Pol\u00edtica de\nProtecci\u00f3n de Datos, garantizando la mejora continua del responsable del\ntratamiento con el objetivo de alcanzar la excelencia en relaci\u00f3n con el\ncumplimiento del Reglamento (UE) 2016\/679 del Parlamento Europeo y del Consejo,\nde 27 de abril de 2016, relativo a la protecci\u00f3n de las personas f\u00edsicas en lo\nque respecta al tratamiento de datos personales y a la libre circulaci\u00f3n de estos\ndatos y por el que se deroga la Directiva&nbsp;95\/46\/CE (Reglamento general de\nprotecci\u00f3n de datos) (DOUE L 119\/1, 04-05-2016), y de la normativa espa\u00f1ola de\nprotecci\u00f3n de datos de car\u00e1cter personal (Ley Org\u00e1nica, legislaci\u00f3n sectorial\nespec\u00edfica y sus normas de desarrollo).<\/p>\n\n\n\n<p>La Pol\u00edtica de Protecci\u00f3n de Datos de <strong>JUAN MANUEL SANCHEZ CARRASCO (FISIOFIT CENTER)<\/strong><strong>.<\/strong> <strong>&nbsp;<\/strong>descansa en el principio\nde responsabilidad proactiva, seg\u00fan el cual el responsable del tratamiento\nes responsable del cumplimiento del marco normativo y jurisprudencial que\ngobierna dicha Pol\u00edtica, y es capaz de demostrarlo ante las autoridades de\ncontrol competentes.<\/p>\n\n\n\n<p>En tal sentido, el responsable del tratamiento\nse regir\u00e1 por los siguientes principios que deben servir a todo su personal\ncomo gu\u00eda y marco de referencia en el tratamiento de datos personales:<\/p>\n\n\n\n<ol class=\"wp-block-list\"><li>Protecci\u00f3n\nde datos desde el dise\u00f1o: el\nresponsable del tratamiento aplicar\u00e1, tanto en el momento de determinar los\nmedios de tratamiento como en el momento del propio tratamiento, medidas\nt\u00e9cnicas y organizativas apropiadas, como la seudonimizaci\u00f3n, concebidas para\naplicar de forma efectiva los principios de protecci\u00f3n de datos, como la\nminimizaci\u00f3n de datos, e integrar las garant\u00edas necesarias en el tratamiento.<\/li><\/ol>\n\n\n\n<ul class=\"wp-block-list\"><li>Protecci\u00f3n\nde datos por defecto: el responsable del tratamiento aplicar\u00e1 las medidas t\u00e9cnicas y\norganizativas apropiadas con miras a garantizar que, por defecto, solo sean\nobjeto de tratamiento los datos personales que sean necesarios para cada uno de\nlos fines espec\u00edficos del tratamiento.<\/li><\/ul>\n\n\n\n<ul class=\"wp-block-list\"><li>Protecci\u00f3n de datos en el ciclo de vida de la informaci\u00f3n: las medidas que garanticen la protecci\u00f3n de los datos personales ser\u00e1n\naplicables durante el ciclo completo de la vida de la informaci\u00f3n.<\/li><\/ul>\n\n\n\n<ul class=\"wp-block-list\"><li>Licitud, lealtad y transparencia: los datos personales ser\u00e1n\ntratados de manera l\u00edcita, leal y transparente en relaci\u00f3n con el interesado. <\/li><\/ul>\n\n\n\n<ul class=\"wp-block-list\"><li>Limitaci\u00f3n de la finalidad: los datos personales ser\u00e1n\nrecogidos con fines determinados, expl\u00edcitos y leg\u00edtimos, y no ser\u00e1n tratados\nulteriormente de manera incompatible con dichos fines.<\/li><\/ul>\n\n\n\n<ul class=\"wp-block-list\"><li>Minimizaci\u00f3n de datos: los datos personales ser\u00e1n\nadecuados, pertinentes y limitados a lo necesario en relaci\u00f3n con los fines\npara los que son tratados.<\/li><\/ul>\n\n\n\n<ul class=\"wp-block-list\"><li>Exactitud: los datos personales ser\u00e1n exactos y, si\nfuera necesario, actualizados; se adoptar\u00e1n todas las medidas razonables para\nque se supriman o rectifiquen sin dilaci\u00f3n los datos personales que sean\ninexactos con respecto a los fines para los que se tratan.<\/li><\/ul>\n\n\n\n<ul class=\"wp-block-list\"><li>Limitaci\u00f3n del plazo de conservaci\u00f3n: los datos personales ser\u00e1n\nmantenidos de forma que se permita la identificaci\u00f3n de los interesados durante\nno m\u00e1s tiempo del necesario para los fines del tratamiento de los datos\npersonales.<\/li><\/ul>\n\n\n\n<ul class=\"wp-block-list\"><li>Integridad y confidencialidad: los datos personales ser\u00e1n\ntratados de tal manera que se garantice una seguridad adecuada de los datos\npersonales, incluida la protecci\u00f3n contra el tratamiento no autorizado o\nil\u00edcito y contra su p\u00e9rdida, destrucci\u00f3n o da\u00f1o accidental, mediante la\naplicaci\u00f3n de medidas t\u00e9cnicas u organizativas apropiadas. <\/li><\/ul>\n\n\n\n<ol class=\"wp-block-list\"><li>Informaci\u00f3n y formaci\u00f3n: una de las claves para\ngarantizar la protecci\u00f3n de los datos personales es la formaci\u00f3n e\ninformaci\u00f3n que se facilite al personal involucrado en el tratamiento de los\nmismos. Durante el ciclo de vida de la informaci\u00f3n, todo el personal con\nacceso a los datos ser\u00e1 convenientemente formado e informado acerca de sus\nobligaciones en relaci\u00f3n con el cumplimiento de la normativa de protecci\u00f3n de\ndatos.<\/li><\/ol>\n\n\n\n<p>La Pol\u00edtica de Protecci\u00f3n de\nDatos de<strong> JUAN MANUEL SANCHEZ CARRASCO\n(FISIOFIT CENTER),<\/strong> es comunicada a todo el personal del responsable\ndel tratamiento y puesta a disposici\u00f3n de todas las partes interesadas.<\/p>\n\n\n\n<p>En su consecuencia, la presente Pol\u00edtica de\nProtecci\u00f3n de Datos involucra a todo el personal del responsable del\ntratamiento, que debe conocerla y asumirla, consider\u00e1ndola como propia, siendo\ncada miembro responsable de aplicarla y de verificar las normas de protecci\u00f3n de datos aplicables a su actividad, as\u00ed como\nidentificar y aportar las oportunidades de mejora que considere oportunas con\nel objetivo de alcanzar la excelencia en relaci\u00f3n con su cumplimiento.<\/p>\n\n\n\n<p>Esta Pol\u00edtica ser\u00e1 revisada por la Direcci\u00f3n \/\n\u00d3rgano de Gobierno de <strong>JUAN MANUEL\nSANCHEZ CARRASCO (FISIOFIT CENTER)<\/strong><strong>, <\/strong>&nbsp;&nbsp;tantas veces como se considere necesario,\npara adecuarse, en todo momento, a las disposiciones vigentes en materia de\nprotecci\u00f3n de datos de car\u00e1cter personal.<\/p>\n","protected":false},"excerpt":{"rendered":"<p>SUS DATOS SEGUROS Informaci\u00f3n en cumplimiento de la normativa de protecci\u00f3n de datos personales En Europa y en Espa\u00f1a existen normas de protecci\u00f3n de datos pensadas para proteger su informaci\u00f3n personal de obligado cumplimiento para nuestra entidad. Por ello, es muy importante para nosotros que entienda perfectamente qu\u00e9 vamos a hacer con los datos personales [&hellip;]<\/p>\n","protected":false},"author":1,"featured_media":0,"parent":0,"menu_order":0,"comment_status":"closed","ping_status":"open","template":"","meta":{"_monsterinsights_skip_tracking":false,"_monsterinsights_sitenote_active":false,"_monsterinsights_sitenote_note":"","_monsterinsights_sitenote_category":0,"footnotes":""},"class_list":["post-3","page","type-page","status-publish","hentry"],"yoast_head":"<!-- This site is optimized with the Yoast SEO plugin v24.9 - https:\/\/yoast.com\/wordpress\/plugins\/seo\/ -->\n<title>Pol\u00edtica de privacidad - Fisiofitbadajoz<\/title>\n<meta name=\"robots\" content=\"index, follow, max-snippet:-1, max-image-preview:large, max-video-preview:-1\" \/>\n<link rel=\"canonical\" href=\"http:\/\/www.fisiofitbadajoz.com\/index.php\/privacy-policy\/\" \/>\n<meta property=\"og:locale\" content=\"es_ES\" \/>\n<meta property=\"og:type\" content=\"article\" \/>\n<meta property=\"og:title\" content=\"Pol\u00edtica de privacidad - Fisiofitbadajoz\" \/>\n<meta property=\"og:description\" content=\"SUS DATOS SEGUROS Informaci\u00f3n en cumplimiento de la normativa de protecci\u00f3n de datos personales En Europa y en Espa\u00f1a existen normas de protecci\u00f3n de datos pensadas para proteger su informaci\u00f3n personal de obligado cumplimiento para nuestra entidad. Por ello, es muy importante para nosotros que entienda perfectamente qu\u00e9 vamos a hacer con los datos personales [&hellip;]\" \/>\n<meta property=\"og:url\" content=\"http:\/\/www.fisiofitbadajoz.com\/index.php\/privacy-policy\/\" \/>\n<meta property=\"og:site_name\" content=\"Fisiofitbadajoz\" \/>\n<meta property=\"article:publisher\" content=\"https:\/\/www.facebook.com\/fisiofitcenter\" \/>\n<meta property=\"article:modified_time\" content=\"2019-09-24T11:10:03+00:00\" \/>\n<meta name=\"twitter:card\" content=\"summary_large_image\" \/>\n<meta name=\"twitter:label1\" content=\"Tiempo de lectura\" \/>\n\t<meta name=\"twitter:data1\" content=\"11 minutos\" \/>\n<script type=\"application\/ld+json\" class=\"yoast-schema-graph\">{\"@context\":\"https:\/\/schema.org\",\"@graph\":[{\"@type\":\"WebPage\",\"@id\":\"http:\/\/www.fisiofitbadajoz.com\/index.php\/privacy-policy\/\",\"url\":\"http:\/\/www.fisiofitbadajoz.com\/index.php\/privacy-policy\/\",\"name\":\"Pol\u00edtica de privacidad - Fisiofitbadajoz\",\"isPartOf\":{\"@id\":\"http:\/\/www.fisiofitbadajoz.com\/#website\"},\"datePublished\":\"2019-04-11T19:52:54+00:00\",\"dateModified\":\"2019-09-24T11:10:03+00:00\",\"breadcrumb\":{\"@id\":\"http:\/\/www.fisiofitbadajoz.com\/index.php\/privacy-policy\/#breadcrumb\"},\"inLanguage\":\"es\",\"potentialAction\":[{\"@type\":\"ReadAction\",\"target\":[\"http:\/\/www.fisiofitbadajoz.com\/index.php\/privacy-policy\/\"]}]},{\"@type\":\"BreadcrumbList\",\"@id\":\"http:\/\/www.fisiofitbadajoz.com\/index.php\/privacy-policy\/#breadcrumb\",\"itemListElement\":[{\"@type\":\"ListItem\",\"position\":1,\"name\":\"Portada\",\"item\":\"http:\/\/www.fisiofitbadajoz.com\/\"},{\"@type\":\"ListItem\",\"position\":2,\"name\":\"Pol\u00edtica de privacidad\"}]},{\"@type\":\"WebSite\",\"@id\":\"http:\/\/www.fisiofitbadajoz.com\/#website\",\"url\":\"http:\/\/www.fisiofitbadajoz.com\/\",\"name\":\"www.fisiofitbadajoz.com\",\"description\":\"Policl\u00ednica en Badajoz. Fisioterapia, podolog\u00eda, nutrici\u00f3n, entrenamiento deportivo, est\u00e9tica.\",\"publisher\":{\"@id\":\"http:\/\/www.fisiofitbadajoz.com\/#organization\"},\"potentialAction\":[{\"@type\":\"SearchAction\",\"target\":{\"@type\":\"EntryPoint\",\"urlTemplate\":\"http:\/\/www.fisiofitbadajoz.com\/?s={search_term_string}\"},\"query-input\":{\"@type\":\"PropertyValueSpecification\",\"valueRequired\":true,\"valueName\":\"search_term_string\"}}],\"inLanguage\":\"es\"},{\"@type\":\"Organization\",\"@id\":\"http:\/\/www.fisiofitbadajoz.com\/#organization\",\"name\":\"Fisiofit Center\",\"url\":\"http:\/\/www.fisiofitbadajoz.com\/\",\"logo\":{\"@type\":\"ImageObject\",\"inLanguage\":\"es\",\"@id\":\"http:\/\/www.fisiofitbadajoz.com\/#\/schema\/logo\/image\/\",\"url\":\"http:\/\/www.fisiofitbadajoz.com\/wp-content\/uploads\/2020\/08\/image0-scaled.jpeg\",\"contentUrl\":\"http:\/\/www.fisiofitbadajoz.com\/wp-content\/uploads\/2020\/08\/image0-scaled.jpeg\",\"width\":1889,\"height\":2560,\"caption\":\"Fisiofit Center\"},\"image\":{\"@id\":\"http:\/\/www.fisiofitbadajoz.com\/#\/schema\/logo\/image\/\"},\"sameAs\":[\"https:\/\/www.facebook.com\/fisiofitcenter\",\"https:\/\/www.instagram.com\/fisiofitcenter\"]}]}<\/script>\n<!-- \/ Yoast SEO plugin. -->","yoast_head_json":{"title":"Pol\u00edtica de privacidad - Fisiofitbadajoz","robots":{"index":"index","follow":"follow","max-snippet":"max-snippet:-1","max-image-preview":"max-image-preview:large","max-video-preview":"max-video-preview:-1"},"canonical":"http:\/\/www.fisiofitbadajoz.com\/index.php\/privacy-policy\/","og_locale":"es_ES","og_type":"article","og_title":"Pol\u00edtica de privacidad - Fisiofitbadajoz","og_description":"SUS DATOS SEGUROS Informaci\u00f3n en cumplimiento de la normativa de protecci\u00f3n de datos personales En Europa y en Espa\u00f1a existen normas de protecci\u00f3n de datos pensadas para proteger su informaci\u00f3n personal de obligado cumplimiento para nuestra entidad. Por ello, es muy importante para nosotros que entienda perfectamente qu\u00e9 vamos a hacer con los datos personales [&hellip;]","og_url":"http:\/\/www.fisiofitbadajoz.com\/index.php\/privacy-policy\/","og_site_name":"Fisiofitbadajoz","article_publisher":"https:\/\/www.facebook.com\/fisiofitcenter","article_modified_time":"2019-09-24T11:10:03+00:00","twitter_card":"summary_large_image","twitter_misc":{"Tiempo de lectura":"11 minutos"},"schema":{"@context":"https:\/\/schema.org","@graph":[{"@type":"WebPage","@id":"http:\/\/www.fisiofitbadajoz.com\/index.php\/privacy-policy\/","url":"http:\/\/www.fisiofitbadajoz.com\/index.php\/privacy-policy\/","name":"Pol\u00edtica de privacidad - Fisiofitbadajoz","isPartOf":{"@id":"http:\/\/www.fisiofitbadajoz.com\/#website"},"datePublished":"2019-04-11T19:52:54+00:00","dateModified":"2019-09-24T11:10:03+00:00","breadcrumb":{"@id":"http:\/\/www.fisiofitbadajoz.com\/index.php\/privacy-policy\/#breadcrumb"},"inLanguage":"es","potentialAction":[{"@type":"ReadAction","target":["http:\/\/www.fisiofitbadajoz.com\/index.php\/privacy-policy\/"]}]},{"@type":"BreadcrumbList","@id":"http:\/\/www.fisiofitbadajoz.com\/index.php\/privacy-policy\/#breadcrumb","itemListElement":[{"@type":"ListItem","position":1,"name":"Portada","item":"http:\/\/www.fisiofitbadajoz.com\/"},{"@type":"ListItem","position":2,"name":"Pol\u00edtica de privacidad"}]},{"@type":"WebSite","@id":"http:\/\/www.fisiofitbadajoz.com\/#website","url":"http:\/\/www.fisiofitbadajoz.com\/","name":"www.fisiofitbadajoz.com","description":"Policl\u00ednica en Badajoz. Fisioterapia, podolog\u00eda, nutrici\u00f3n, entrenamiento deportivo, est\u00e9tica.","publisher":{"@id":"http:\/\/www.fisiofitbadajoz.com\/#organization"},"potentialAction":[{"@type":"SearchAction","target":{"@type":"EntryPoint","urlTemplate":"http:\/\/www.fisiofitbadajoz.com\/?s={search_term_string}"},"query-input":{"@type":"PropertyValueSpecification","valueRequired":true,"valueName":"search_term_string"}}],"inLanguage":"es"},{"@type":"Organization","@id":"http:\/\/www.fisiofitbadajoz.com\/#organization","name":"Fisiofit Center","url":"http:\/\/www.fisiofitbadajoz.com\/","logo":{"@type":"ImageObject","inLanguage":"es","@id":"http:\/\/www.fisiofitbadajoz.com\/#\/schema\/logo\/image\/","url":"http:\/\/www.fisiofitbadajoz.com\/wp-content\/uploads\/2020\/08\/image0-scaled.jpeg","contentUrl":"http:\/\/www.fisiofitbadajoz.com\/wp-content\/uploads\/2020\/08\/image0-scaled.jpeg","width":1889,"height":2560,"caption":"Fisiofit Center"},"image":{"@id":"http:\/\/www.fisiofitbadajoz.com\/#\/schema\/logo\/image\/"},"sameAs":["https:\/\/www.facebook.com\/fisiofitcenter","https:\/\/www.instagram.com\/fisiofitcenter"]}]}},"_links":{"self":[{"href":"http:\/\/www.fisiofitbadajoz.com\/index.php\/wp-json\/wp\/v2\/pages\/3","targetHints":{"allow":["GET"]}}],"collection":[{"href":"http:\/\/www.fisiofitbadajoz.com\/index.php\/wp-json\/wp\/v2\/pages"}],"about":[{"href":"http:\/\/www.fisiofitbadajoz.com\/index.php\/wp-json\/wp\/v2\/types\/page"}],"author":[{"embeddable":true,"href":"http:\/\/www.fisiofitbadajoz.com\/index.php\/wp-json\/wp\/v2\/users\/1"}],"replies":[{"embeddable":true,"href":"http:\/\/www.fisiofitbadajoz.com\/index.php\/wp-json\/wp\/v2\/comments?post=3"}],"version-history":[{"count":1,"href":"http:\/\/www.fisiofitbadajoz.com\/index.php\/wp-json\/wp\/v2\/pages\/3\/revisions"}],"predecessor-version":[{"id":7686,"href":"http:\/\/www.fisiofitbadajoz.com\/index.php\/wp-json\/wp\/v2\/pages\/3\/revisions\/7686"}],"wp:attachment":[{"href":"http:\/\/www.fisiofitbadajoz.com\/index.php\/wp-json\/wp\/v2\/media?parent=3"}],"curies":[{"name":"wp","href":"https:\/\/api.w.org\/{rel}","templated":true}]}}