{"id":2392,"date":"2015-12-07T22:24:52","date_gmt":"2015-12-07T22:24:52","guid":{"rendered":"http:\/\/export-xml.qreativethemes.com\/physio\/?page_id=2392"},"modified":"2020-08-25T17:37:15","modified_gmt":"2020-08-25T15:37:15","slug":"personal","status":"publish","type":"page","link":"http:\/\/www.fisiofitbadajoz.com\/index.php\/personal\/","title":{"rendered":"Personal"},"content":{"rendered":"<div id=\"pl-2392\"  class=\"panel-layout\" ><div id=\"pg-2392-0\"  class=\"panel-grid panel-no-style\" ><div id=\"pgc-2392-0-0\"  class=\"panel-grid-cell\" ><div id=\"panel-2392-0-0-0\" class=\"so-panel widget widget_sow-editor panel-first-child\" data-index=\"0\" ><div\n\t\t\t\n\t\t\tclass=\"so-widget-sow-editor so-widget-sow-editor-base\"\n\t\t\t\n\t\t>\n<div class=\"siteorigin-widget-tinymce textwidget\">\n\t<p>Como l\u00edderes en el sector de la salud, buscamos como mejorar la calidad del servicio para nuestros pacientes. Actualmente estamos buscando monitores, profesores, especializados en pilates, yoga.... Si est\u00e1 usted interesado, no dude en contactar con nosotros.<\/p>\n<\/div>\n<\/div><\/div><div id=\"panel-2392-0-0-1\" class=\"so-panel widget widget_sow-editor panel-last-child\" data-index=\"1\" ><div\n\t\t\t\n\t\t\tclass=\"so-widget-sow-editor so-widget-sow-editor-base\"\n\t\t\t\n\t\t>\n<div class=\"siteorigin-widget-tinymce textwidget\">\n\t<p>Buscamos gente emprendedora, que le guste su trabajo y que tenga continuas ganas de mejorar, aprender, y de formar parte de un equipo multidisciplinar en el que poder desarrollar todas sus capacidades.<\/p>\n<\/div>\n<\/div><\/div><\/div><\/div><\/div>","protected":false},"excerpt":{"rendered":"<p>Como l\u00edderes en el sector de la salud, buscamos como mejorar la calidad del servicio para nuestros pacientes. Actualmente estamos buscando monitores, profesores, especializados en pilates, yoga&#8230;. Si est\u00e1 usted interesado, no dude en contactar con nosotros. Buscamos gente emprendedora, que le guste su trabajo y que tenga continuas ganas de mejorar, aprender, y de [&hellip;]<\/p>\n","protected":false},"author":1,"featured_media":0,"parent":0,"menu_order":0,"comment_status":"closed","ping_status":"closed","template":"","meta":{"_monsterinsights_skip_tracking":false,"_monsterinsights_sitenote_active":false,"_monsterinsights_sitenote_note":"","_monsterinsights_sitenote_category":0,"footnotes":""},"class_list":["post-2392","page","type-page","status-publish","hentry"],"yoast_head":"<!-- This site is optimized with the Yoast SEO plugin v24.9 - https:\/\/yoast.com\/wordpress\/plugins\/seo\/ -->\n<title>Personal - Fisiofitbadajoz<\/title>\n<meta name=\"robots\" content=\"index, follow, max-snippet:-1, max-image-preview:large, max-video-preview:-1\" \/>\n<link rel=\"canonical\" href=\"http:\/\/www.fisiofitbadajoz.com\/index.php\/personal\/\" \/>\n<meta property=\"og:locale\" content=\"es_ES\" \/>\n<meta property=\"og:type\" content=\"article\" \/>\n<meta property=\"og:title\" content=\"Personal - Fisiofitbadajoz\" \/>\n<meta property=\"og:description\" content=\"Como l\u00edderes en el sector de la salud, buscamos como mejorar la calidad del servicio para nuestros pacientes. Actualmente estamos buscando monitores, profesores, especializados en pilates, yoga.... Si est\u00e1 usted interesado, no dude en contactar con nosotros. Buscamos gente emprendedora, que le guste su trabajo y que tenga continuas ganas de mejorar, aprender, y de [&hellip;]\" \/>\n<meta property=\"og:url\" content=\"http:\/\/www.fisiofitbadajoz.com\/index.php\/personal\/\" \/>\n<meta property=\"og:site_name\" content=\"Fisiofitbadajoz\" \/>\n<meta property=\"article:publisher\" content=\"https:\/\/www.facebook.com\/fisiofitcenter\" \/>\n<meta property=\"article:modified_time\" content=\"2020-08-25T15:37:15+00:00\" \/>\n<meta name=\"twitter:card\" content=\"summary_large_image\" \/>\n<script type=\"application\/ld+json\" class=\"yoast-schema-graph\">{\"@context\":\"https:\/\/schema.org\",\"@graph\":[{\"@type\":\"WebPage\",\"@id\":\"http:\/\/www.fisiofitbadajoz.com\/index.php\/personal\/\",\"url\":\"http:\/\/www.fisiofitbadajoz.com\/index.php\/personal\/\",\"name\":\"Personal - Fisiofitbadajoz\",\"isPartOf\":{\"@id\":\"http:\/\/www.fisiofitbadajoz.com\/#website\"},\"datePublished\":\"2015-12-07T22:24:52+00:00\",\"dateModified\":\"2020-08-25T15:37:15+00:00\",\"breadcrumb\":{\"@id\":\"http:\/\/www.fisiofitbadajoz.com\/index.php\/personal\/#breadcrumb\"},\"inLanguage\":\"es\",\"potentialAction\":[{\"@type\":\"ReadAction\",\"target\":[\"http:\/\/www.fisiofitbadajoz.com\/index.php\/personal\/\"]}]},{\"@type\":\"BreadcrumbList\",\"@id\":\"http:\/\/www.fisiofitbadajoz.com\/index.php\/personal\/#breadcrumb\",\"itemListElement\":[{\"@type\":\"ListItem\",\"position\":1,\"name\":\"Portada\",\"item\":\"http:\/\/www.fisiofitbadajoz.com\/\"},{\"@type\":\"ListItem\",\"position\":2,\"name\":\"Personal\"}]},{\"@type\":\"WebSite\",\"@id\":\"http:\/\/www.fisiofitbadajoz.com\/#website\",\"url\":\"http:\/\/www.fisiofitbadajoz.com\/\",\"name\":\"www.fisiofitbadajoz.com\",\"description\":\"Policl\u00ednica en Badajoz. Fisioterapia, podolog\u00eda, nutrici\u00f3n, entrenamiento deportivo, est\u00e9tica.\",\"publisher\":{\"@id\":\"http:\/\/www.fisiofitbadajoz.com\/#organization\"},\"potentialAction\":[{\"@type\":\"SearchAction\",\"target\":{\"@type\":\"EntryPoint\",\"urlTemplate\":\"http:\/\/www.fisiofitbadajoz.com\/?s={search_term_string}\"},\"query-input\":{\"@type\":\"PropertyValueSpecification\",\"valueRequired\":true,\"valueName\":\"search_term_string\"}}],\"inLanguage\":\"es\"},{\"@type\":\"Organization\",\"@id\":\"http:\/\/www.fisiofitbadajoz.com\/#organization\",\"name\":\"Fisiofit Center\",\"url\":\"http:\/\/www.fisiofitbadajoz.com\/\",\"logo\":{\"@type\":\"ImageObject\",\"inLanguage\":\"es\",\"@id\":\"http:\/\/www.fisiofitbadajoz.com\/#\/schema\/logo\/image\/\",\"url\":\"http:\/\/www.fisiofitbadajoz.com\/wp-content\/uploads\/2020\/08\/image0-scaled.jpeg\",\"contentUrl\":\"http:\/\/www.fisiofitbadajoz.com\/wp-content\/uploads\/2020\/08\/image0-scaled.jpeg\",\"width\":1889,\"height\":2560,\"caption\":\"Fisiofit Center\"},\"image\":{\"@id\":\"http:\/\/www.fisiofitbadajoz.com\/#\/schema\/logo\/image\/\"},\"sameAs\":[\"https:\/\/www.facebook.com\/fisiofitcenter\",\"https:\/\/www.instagram.com\/fisiofitcenter\"]}]}<\/script>\n<!-- \/ Yoast SEO plugin. -->","yoast_head_json":{"title":"Personal - Fisiofitbadajoz","robots":{"index":"index","follow":"follow","max-snippet":"max-snippet:-1","max-image-preview":"max-image-preview:large","max-video-preview":"max-video-preview:-1"},"canonical":"http:\/\/www.fisiofitbadajoz.com\/index.php\/personal\/","og_locale":"es_ES","og_type":"article","og_title":"Personal - Fisiofitbadajoz","og_description":"Como l\u00edderes en el sector de la salud, buscamos como mejorar la calidad del servicio para nuestros pacientes. Actualmente estamos buscando monitores, profesores, especializados en pilates, yoga.... Si est\u00e1 usted interesado, no dude en contactar con nosotros. Buscamos gente emprendedora, que le guste su trabajo y que tenga continuas ganas de mejorar, aprender, y de [&hellip;]","og_url":"http:\/\/www.fisiofitbadajoz.com\/index.php\/personal\/","og_site_name":"Fisiofitbadajoz","article_publisher":"https:\/\/www.facebook.com\/fisiofitcenter","article_modified_time":"2020-08-25T15:37:15+00:00","twitter_card":"summary_large_image","schema":{"@context":"https:\/\/schema.org","@graph":[{"@type":"WebPage","@id":"http:\/\/www.fisiofitbadajoz.com\/index.php\/personal\/","url":"http:\/\/www.fisiofitbadajoz.com\/index.php\/personal\/","name":"Personal - Fisiofitbadajoz","isPartOf":{"@id":"http:\/\/www.fisiofitbadajoz.com\/#website"},"datePublished":"2015-12-07T22:24:52+00:00","dateModified":"2020-08-25T15:37:15+00:00","breadcrumb":{"@id":"http:\/\/www.fisiofitbadajoz.com\/index.php\/personal\/#breadcrumb"},"inLanguage":"es","potentialAction":[{"@type":"ReadAction","target":["http:\/\/www.fisiofitbadajoz.com\/index.php\/personal\/"]}]},{"@type":"BreadcrumbList","@id":"http:\/\/www.fisiofitbadajoz.com\/index.php\/personal\/#breadcrumb","itemListElement":[{"@type":"ListItem","position":1,"name":"Portada","item":"http:\/\/www.fisiofitbadajoz.com\/"},{"@type":"ListItem","position":2,"name":"Personal"}]},{"@type":"WebSite","@id":"http:\/\/www.fisiofitbadajoz.com\/#website","url":"http:\/\/www.fisiofitbadajoz.com\/","name":"www.fisiofitbadajoz.com","description":"Policl\u00ednica en Badajoz. Fisioterapia, podolog\u00eda, nutrici\u00f3n, entrenamiento deportivo, est\u00e9tica.","publisher":{"@id":"http:\/\/www.fisiofitbadajoz.com\/#organization"},"potentialAction":[{"@type":"SearchAction","target":{"@type":"EntryPoint","urlTemplate":"http:\/\/www.fisiofitbadajoz.com\/?s={search_term_string}"},"query-input":{"@type":"PropertyValueSpecification","valueRequired":true,"valueName":"search_term_string"}}],"inLanguage":"es"},{"@type":"Organization","@id":"http:\/\/www.fisiofitbadajoz.com\/#organization","name":"Fisiofit Center","url":"http:\/\/www.fisiofitbadajoz.com\/","logo":{"@type":"ImageObject","inLanguage":"es","@id":"http:\/\/www.fisiofitbadajoz.com\/#\/schema\/logo\/image\/","url":"http:\/\/www.fisiofitbadajoz.com\/wp-content\/uploads\/2020\/08\/image0-scaled.jpeg","contentUrl":"http:\/\/www.fisiofitbadajoz.com\/wp-content\/uploads\/2020\/08\/image0-scaled.jpeg","width":1889,"height":2560,"caption":"Fisiofit Center"},"image":{"@id":"http:\/\/www.fisiofitbadajoz.com\/#\/schema\/logo\/image\/"},"sameAs":["https:\/\/www.facebook.com\/fisiofitcenter","https:\/\/www.instagram.com\/fisiofitcenter"]}]}},"_links":{"self":[{"href":"http:\/\/www.fisiofitbadajoz.com\/index.php\/wp-json\/wp\/v2\/pages\/2392","targetHints":{"allow":["GET"]}}],"collection":[{"href":"http:\/\/www.fisiofitbadajoz.com\/index.php\/wp-json\/wp\/v2\/pages"}],"about":[{"href":"http:\/\/www.fisiofitbadajoz.com\/index.php\/wp-json\/wp\/v2\/types\/page"}],"author":[{"embeddable":true,"href":"http:\/\/www.fisiofitbadajoz.com\/index.php\/wp-json\/wp\/v2\/users\/1"}],"replies":[{"embeddable":true,"href":"http:\/\/www.fisiofitbadajoz.com\/index.php\/wp-json\/wp\/v2\/comments?post=2392"}],"version-history":[{"count":2,"href":"http:\/\/www.fisiofitbadajoz.com\/index.php\/wp-json\/wp\/v2\/pages\/2392\/revisions"}],"predecessor-version":[{"id":7747,"href":"http:\/\/www.fisiofitbadajoz.com\/index.php\/wp-json\/wp\/v2\/pages\/2392\/revisions\/7747"}],"wp:attachment":[{"href":"http:\/\/www.fisiofitbadajoz.com\/index.php\/wp-json\/wp\/v2\/media?parent=2392"}],"curies":[{"name":"wp","href":"https:\/\/api.w.org\/{rel}","templated":true}]}}